{"id":123,"date":"2008-08-20T14:44:49","date_gmt":"2008-08-20T13:44:49","guid":{"rendered":"http:\/\/cargad.com\/?page_id=123"},"modified":"2022-09-23T09:11:38","modified_gmt":"2022-09-23T08:11:38","slug":"contacta-con-nosotros","status":"publish","type":"page","link":"https:\/\/cargad.com\/index.php\/contacta-con-nosotros\/","title":{"rendered":"Contacto"},"content":{"rendered":"<p>Para enviarnos cualquier tipo de comentario, opini\u00f3n, cr\u00edtica, queja, error, problema con la p\u00e1gina web, art\u00edculo o contenido, env\u00edanoslo a cargad@gmail.com .<\/p>\n<p>Atentamente,<\/p>\n<p>Pater Zeo, administrador de \u00a1Cargad!<\/p>\n","protected":false},"excerpt":{"rendered":"<p>Para enviarnos cualquier tipo de comentario, opini\u00f3n, cr\u00edtica, queja, error, problema con la p\u00e1gina web, art\u00edculo o contenido, env\u00edanoslo a cargad@gmail.com . Atentamente, Pater Zeo, administrador de \u00a1Cargad!<\/p>\n","protected":false},"author":2,"featured_media":0,"parent":0,"menu_order":0,"comment_status":"closed","ping_status":"closed","template":"","meta":{"om_disable_all_campaigns":false,"_monsterinsights_skip_tracking":false,"_monsterinsights_sitenote_active":false,"_monsterinsights_sitenote_note":"","_monsterinsights_sitenote_category":0,"footnotes":""},"class_list":["post-123","page","type-page","status-publish","hentry"],"jetpack_sharing_enabled":true,"jetpack_likes_enabled":true,"_links":{"self":[{"href":"https:\/\/cargad.com\/index.php\/wp-json\/wp\/v2\/pages\/123","targetHints":{"allow":["GET"]}}],"collection":[{"href":"https:\/\/cargad.com\/index.php\/wp-json\/wp\/v2\/pages"}],"about":[{"href":"https:\/\/cargad.com\/index.php\/wp-json\/wp\/v2\/types\/page"}],"author":[{"embeddable":true,"href":"https:\/\/cargad.com\/index.php\/wp-json\/wp\/v2\/users\/2"}],"replies":[{"embeddable":true,"href":"https:\/\/cargad.com\/index.php\/wp-json\/wp\/v2\/comments?post=123"}],"version-history":[{"count":5,"href":"https:\/\/cargad.com\/index.php\/wp-json\/wp\/v2\/pages\/123\/revisions"}],"predecessor-version":[{"id":83674,"href":"https:\/\/cargad.com\/index.php\/wp-json\/wp\/v2\/pages\/123\/revisions\/83674"}],"wp:attachment":[{"href":"https:\/\/cargad.com\/index.php\/wp-json\/wp\/v2\/media?parent=123"}],"curies":[{"name":"wp","href":"https:\/\/api.w.org\/{rel}","templated":true}]}}