{"id":12843,"date":"2013-05-20T23:07:18","date_gmt":"2013-05-20T22:07:18","guid":{"rendered":"http:\/\/cargad.com\/?page_id=12843"},"modified":"2018-11-02T11:42:34","modified_gmt":"2018-11-02T10:42:34","slug":"juegos-de-especialista-gw","status":"publish","type":"page","link":"https:\/\/cargad.com\/index.php\/juegos\/juegos-de-especialista-gw\/","title":{"rendered":"Juegos de Especialista (GW)"},"content":{"rendered":"<p><a href=\"https:\/\/cargad.com\/wp-content\/uploads\/2013\/05\/warmaster.jpg\"><img loading=\"lazy\" decoding=\"async\" class=\"alignnone wp-image-21150\" src=\"https:\/\/cargad.com\/wp-content\/uploads\/2013\/05\/warmaster.jpg\" alt=\"warmaster\" width=\"330\" height=\"65\" \/><\/a><\/p>\n<ul>\n<li><a href=\"https:\/\/cargad.com\/pdf\/warmaster\/Reglamento_Warmaster_completo.pdf\" target=\"_blank\" rel=\"noopener noreferrer\">Reglamento COMPLETO<\/a> en Castellano.<\/li>\n<li><a href=\"https:\/\/cargad.com\/pdf\/warmaster\/Reglamento_Warmaster_reducido.pdf\" target=\"_blank\" rel=\"noopener noreferrer\">Reglamento REDUCIDO<\/a> (S\u00f3lo reglas, faltan escenarios, pintura, batallas navales, asedio..) en Castellano.<\/li>\n<li><a href=\"https:\/\/cargad.com\/wp-content\/uploads\/2013\/05\/Hoja-de-Referencia-de-Warmaster.pdf\">Hoja de Referencia<\/a><strong>\u00a0<\/strong>(haz clic derecho y <em>guardar como<\/em>). (V1.0, Mayo 2013).<\/li>\n<li><a href=\"https:\/\/sites.google.com\/site\/wmplaytest\/work-in-progress-1\/publications\" target=\"_blank\" rel=\"noopener noreferrer\">Aqu\u00ed<\/a>\u00a0puedes conseguir PDF&#8217;s con las \u00abpeanas\u00bb para jugar con papel (por si quieres probar el juego).<\/li>\n<\/ul>\n<p><a href=\"https:\/\/cargad.com\/wp-content\/uploads\/2013\/05\/epic.jpg\"><img loading=\"lazy\" decoding=\"async\" class=\"alignnone size-full wp-image-21151\" src=\"https:\/\/cargad.com\/wp-content\/uploads\/2013\/05\/epic.jpg\" alt=\"epic\" width=\"224\" height=\"52\" \/><\/a><\/p>\n<ul>\n<li style=\"list-style-type: none;\">\n<ul>\n<li><a href=\"https:\/\/cargad.com\/pdf\/epic\/Manual_de_Torneo_NetEA_(17-09-18).pdf\" target=\"_blank\" rel=\"noopener noreferrer\">NetEpic Armaggedon<\/a>. \u00abManual de Torneo NetEA\u00bb (reglamento completo con todas las FAQ, erratas y listas), en espa\u00f1ol, actualizado a 17\/09\/2018 (haz clic derecho y guardar como).<\/li>\n<li><a href=\"\/pdf\/epic\/Adeptus_Mechanicus_-_Legio\u0301n_de_Titanes_(26-06-18).pdf\">Adeptus Mechanicus &#8211; Legio\u0301n de Titanes<\/a><\/li>\n<li><a href=\"\/pdf\/epic\/Adeptus_Mechanicus_-_Mundo_Caballero_(17-09-18).pdf\">Adeptus Mechanicus &#8211; Mundo Caballero<\/a><\/li>\n<li><a href=\"\/pdf\/epic\/Adoradores_del_Caos_-_Culto_Stigmatus_(13-07-18).pdf\">Adoradores del Caos &#8211; Culto Stigmatus<\/a><\/li>\n<li><a href=\"\/pdf\/epic\/Eldar_-_Alaitoc_(11-07-18).pdf\">Eldar &#8211; Alaitoc<\/a><\/li>\n<li><a href=\"\/pdf\/epic\/Eldar_-_Biel-Tan_(11-07-18).pdf\">Eldar &#8211; Biel-Tan<\/a><\/li>\n<li><a href=\"\/pdf\/epic\/Eldar_-_Iyanden_(11-07-18).pdf\">Eldar &#8211; Iyanden<\/a><\/li>\n<li><a href=\"\/pdf\/epic\/Eldar_-_Saim-Hann_(11-07-18).pdf\">Eldar &#8211; Saim-Hann<\/a><\/li>\n<li><a href=\"\/pdf\/epic\/Eldar_Oscuros_(20-04-18).pdf\">Eldar Oscuros<\/a><\/li>\n<li><a href=\"\/pdf\/epic\/Guardia_Imperial_-_Korps_de_la_Muerte_de_Krieg_(17-09-8).pdf\">Guardia Imperial &#8211; Korps de la Muerte de Krieg<\/a><\/li>\n<li><a href=\"\/pdf\/epic\/Guardia_Imperial_-_Legio\u0301n_de_Acero_(20-04-18).pdf\">Guardia Imperial &#8211; Legio\u0301n de Acero<\/a><\/li>\n<li><a href=\"\/pdf\/epic\/Guardia_Imperial_-_Legio\u0301n_de_Tanques_de_Minerva_(20-04-18).pdf\">Guardia Imperial &#8211; Legio\u0301n de Tanques de Minerva<\/a><\/li>\n<li><a href=\"\/pdf\/epic\/Guardia_Imperial_-_Maestros_de_Asedio_de_Baran_(17-09-18).pdf\">Guardia Imperial &#8211; Maestros de Asedio de Baran<\/a><\/li>\n<li><a href=\"\/pdf\/epic\/Marines_Espaciales_-_Cicatrices_Blancas_(16-07-18).pdf\">Marines Espaciales &#8211; Cicatrices Blancas<\/a><\/li>\n<li><a href=\"\/pdf\/epic\/Marines_Espaciales_-_Codex_Astartes_(13-07-18).pdf\">Marines Espaciales &#8211; Codex Astartes<\/a><\/li>\n<li><a href=\"\/pdf\/epic\/Marines_Espaciales_-_Lobos_Espaciales_(13-07-18).pdf\">Marines Espaciales &#8211; Lobos Espaciales<\/a><\/li>\n<li><a href=\"\/pdf\/epic\/Marines_Espaciales_-_Pun\u0303os_Imperiales_(17-09-18).pdf\">Marines Espaciales &#8211; Pun\u0303os Imperiales<\/a><\/li>\n<li><a href=\"\/pdf\/epic\/Marines_Espaciales_-_Salamandras_(13-07-18).pdf\">Marines Espaciales &#8211; Salamandras<\/a><\/li>\n<li><a href=\"\/pdf\/epic\/Marines_Espaciales_-_Va\u0301stagos_del_Hierro_(13-07-18).pdf\">Marines Espaciales &#8211; Va\u0301stagos del Hierro<\/a><\/li>\n<li><a href=\"\/pdf\/epic\/Marines_Espaciales_del_Caos_-_Corsarios_Rojos_(20-04-18).pdf\">Marines Espaciales del Caos &#8211; Corsarios Rojos<\/a><\/li>\n<li><a href=\"\/pdf\/epic\/Marines_Espaciales_del_Caos_-_Hijos_del_Emperador_(13-07-18).pdf\">Marines Espaciales del Caos &#8211; Hijos del Emperador<\/a><\/li>\n<li><a href=\"\/pdf\/epic\/Marines_Espaciales_del_Caos_-_Legio\u0301n_Negra_(13-07-18).pdf\">Marines Espaciales del Caos &#8211; Legio\u0301n Negra<\/a><\/li>\n<li><a href=\"\/pdf\/epic\/Necrones_(20-04-18).pdf\">Necrones<\/a><\/li>\n<li><a href=\"\/pdf\/epic\/Orkos_-_Horda_(26-06-18).pdf\">Orkos &#8211; Horda<\/a><\/li>\n<li><a href=\"\/pdf\/epic\/Orkos_-_Lokoz_de_la_Velocidad_(20-04-18).pdf\">Orkos &#8211; Lokoz de la Velocidad<\/a><\/li>\n<li><a href=\"\/pdf\/epic\/Orkos_-_Orkoz_Zalvajez_(26-06-18).pdf\">Orkos &#8211; Orkoz Zalvajez<\/a><\/li>\n<li><a href=\"\/pdf\/epic\/Tau_(14-08-18).pdf\">Tau<\/a><\/li>\n<li><a href=\"\/pdf\/epic\/Tira\u0301nidos_(17-09-18).pdf\">Tira\u0301nidos<\/a><\/li>\n<\/ul>\n<\/li>\n<\/ul>\n<p><a href=\"https:\/\/cargad.com\/wp-content\/uploads\/2013\/05\/bloodbowllogo.jpg\"><img loading=\"lazy\" decoding=\"async\" class=\"size-medium wp-image-21437 alignnone\" src=\"https:\/\/cargad.com\/wp-content\/uploads\/2013\/05\/bloodbowllogo-300x60.jpg\" alt=\"bloodbowllogo\" width=\"300\" height=\"60\" srcset=\"https:\/\/cargad.com\/wp-content\/uploads\/2013\/05\/bloodbowllogo-300x60.jpg 300w, https:\/\/cargad.com\/wp-content\/uploads\/2013\/05\/bloodbowllogo.jpg 412w\" sizes=\"auto, (max-width: 300px) 100vw, 300px\" \/><\/a><\/p>\n<ul>\n<li><a href=\"https:\/\/cargad.com\/pdf\/bw\/6th_CRAPS_panish.pdf\">Reglas de Competici\u00f3n<\/a>. La versi\u00f3n de reglas m\u00e1s actualizada, tambi\u00e9n conocida como Living Rulebook 6.0, en espa\u00f1ol (haz clic derecho y guardar como).<\/li>\n<li><a href=\"https:\/\/cargad.com\/pdf\/bw\/6th_Equipos_nuevos_y_FAQ_Spanish.pdf\">Nuevos equipos aprobados<\/a>, en espa\u00f1ol. Para que puedas incluir los equipos del Pacto del Caos, Slann e Inframundo en tus partidas de Blood Bowl.<\/li>\n<li><a href=\"https:\/\/cargad.com\/pdf\/bw\/khornei.jpg\">Equipo de Khorne<\/a>, en ingl\u00e9s. El equipo que se incluy\u00f3 en la \u00faltima versi\u00f3n del videojuego, para que puedas usarlo en tus partidas.<\/li>\n<\/ul>\n<p><a href=\"https:\/\/cargad.com\/wp-content\/uploads\/2013\/05\/Shadow-War-Armageddon.jpg\"><img loading=\"lazy\" decoding=\"async\" class=\"alignnone wp-image-38482\" src=\"https:\/\/cargad.com\/wp-content\/uploads\/2013\/05\/Shadow-War-Armageddon.jpg\" alt=\"\" width=\"310\" height=\"81\" \/><\/a><\/p>\n<ul>\n<li><a href=\"https:\/\/cargad.com\/pdf\/swa\/T__man__SWA.pdf\">Tactic Man<\/a>, reglas de la casa que incluyen activaci\u00f3n individual.<\/li>\n<\/ul>\n","protected":false},"excerpt":{"rendered":"<p>Reglamento COMPLETO en Castellano. Reglamento REDUCIDO (S\u00f3lo reglas, faltan escenarios, pintura, batallas navales, asedio..) en Castellano. Hoja de Referencia\u00a0(haz clic derecho y guardar como). (V1.0, Mayo 2013). Aqu\u00ed\u00a0puedes conseguir PDF&#8217;s con las \u00abpeanas\u00bb para jugar con papel (por si quieres <a class=\"more-link\" href=\"https:\/\/cargad.com\/index.php\/juegos\/juegos-de-especialista-gw\/\">Seguir leyendo <span class=\"screen-reader-text\">  Juegos de Especialista (GW)<\/span><span class=\"meta-nav\">&rarr;<\/span><\/a><\/p>\n","protected":false},"author":3,"featured_media":0,"parent":9796,"menu_order":0,"comment_status":"open","ping_status":"open","template":"","meta":{"om_disable_all_campaigns":false,"_monsterinsights_skip_tracking":false,"_monsterinsights_sitenote_active":false,"_monsterinsights_sitenote_note":"","_monsterinsights_sitenote_category":0,"footnotes":""},"class_list":["post-12843","page","type-page","status-publish","hentry"],"jetpack_sharing_enabled":true,"jetpack_likes_enabled":true,"_links":{"self":[{"href":"https:\/\/cargad.com\/index.php\/wp-json\/wp\/v2\/pages\/12843","targetHints":{"allow":["GET"]}}],"collection":[{"href":"https:\/\/cargad.com\/index.php\/wp-json\/wp\/v2\/pages"}],"about":[{"href":"https:\/\/cargad.com\/index.php\/wp-json\/wp\/v2\/types\/page"}],"author":[{"embeddable":true,"href":"https:\/\/cargad.com\/index.php\/wp-json\/wp\/v2\/users\/3"}],"replies":[{"embeddable":true,"href":"https:\/\/cargad.com\/index.php\/wp-json\/wp\/v2\/comments?post=12843"}],"version-history":[{"count":27,"href":"https:\/\/cargad.com\/index.php\/wp-json\/wp\/v2\/pages\/12843\/revisions"}],"predecessor-version":[{"id":52536,"href":"https:\/\/cargad.com\/index.php\/wp-json\/wp\/v2\/pages\/12843\/revisions\/52536"}],"up":[{"embeddable":true,"href":"https:\/\/cargad.com\/index.php\/wp-json\/wp\/v2\/pages\/9796"}],"wp:attachment":[{"href":"https:\/\/cargad.com\/index.php\/wp-json\/wp\/v2\/media?parent=12843"}],"curies":[{"name":"wp","href":"https:\/\/api.w.org\/{rel}","templated":true}]}}