{"id":30862,"date":"2016-01-27T18:31:14","date_gmt":"2016-01-27T17:31:14","guid":{"rendered":"http:\/\/cargad.com\/?page_id=30862"},"modified":"2021-03-27T19:51:48","modified_gmt":"2021-03-27T18:51:48","slug":"frostgrave","status":"publish","type":"page","link":"https:\/\/cargad.com\/index.php\/juegos\/frostgrave\/","title":{"rendered":"Frostgrave"},"content":{"rendered":"<p><a href=\"https:\/\/cargad.com\/wp-content\/uploads\/2015\/12\/Frostgrave-Feature.jpg\"><img loading=\"lazy\" decoding=\"async\" class=\"aligncenter wp-image-29909\" src=\"https:\/\/cargad.com\/wp-content\/uploads\/2015\/12\/Frostgrave-Feature-1024x332.jpg\" alt=\"Frostgrave-Feature\" width=\"574\" height=\"191\" \/><\/a><\/p>\n<p>Aqu\u00ed podr\u00e1s encontrar el material de <strong>Frostgrave<\/strong> gratuito en espa\u00f1ol.<\/p>\n<ul>\n<li>Hoja de referencia r\u00e1pida [<a href=\"https:\/\/cargad.com\/pdf\/frostgrave\/FrostGrave.ReferenciaRapida_v1.0.pdf\">link<\/a>].<\/li>\n<li>Hoja de control de bandas v1 [<a href=\"https:\/\/cargad.com\/pdf\/frostgrave\/HojaDeControl_v1.0.pdf\">link<\/a>].<\/li>\n<li>Hoja de control de bandas v2 [<a href=\"https:\/\/cargad.com\/pdf\/frostgrave\/HojaDeControl_v2.0.pdf\">link<\/a>].<\/li>\n<li>Hoja de control de bandas v2.1 [<a href=\"https:\/\/cargad.com\/pdf\/frostgrave\/HojaDeControl_v2.1.pdf\">link<\/a>].<\/li>\n<li>Hechizos en formato carta tama\u00f1o \u201cMagic\u201d (mas o menos) [<a href=\"https:\/\/cargad.com\/pdf\/frostgrave\/CartasHechizos_v1.0.pdf\">link<\/a>].<\/li>\n<li>Reverso para las cartas de los hechizos [<a href=\"https:\/\/cargad.com\/pdf\/frostgrave\/CartasHechizosReversos_v1.0.pdf\">link<\/a>].<\/li>\n<li>Reglas Arcabucero (by<a href=\"http:\/\/lapuertadelgolem.blogspot.com.es\"> Golem de Plata<\/a>) [<a href=\"https:\/\/cargad.com\/pdf\/frostgrave\/ArcabuceroParaFrostgrave.pdf\">link<\/a>].<\/li>\n<\/ul>\n\n\n<p><\/p>\n","protected":false},"excerpt":{"rendered":"<p>Aqu\u00ed podr\u00e1s encontrar el material de Frostgrave gratuito en espa\u00f1ol. Hoja de referencia r\u00e1pida [link]. Hoja de control de bandas v1 [link]. Hoja de control de bandas v2 [link]. Hoja de control de bandas v2.1 [link]. Hechizos en formato carta <a class=\"more-link\" href=\"https:\/\/cargad.com\/index.php\/juegos\/frostgrave\/\">Seguir leyendo <span class=\"screen-reader-text\">  Frostgrave<\/span><span class=\"meta-nav\">&rarr;<\/span><\/a><\/p>\n","protected":false},"author":2,"featured_media":0,"parent":9796,"menu_order":0,"comment_status":"open","ping_status":"open","template":"","meta":{"om_disable_all_campaigns":false,"_monsterinsights_skip_tracking":false,"_monsterinsights_sitenote_active":false,"_monsterinsights_sitenote_note":"","_monsterinsights_sitenote_category":0,"footnotes":""},"class_list":["post-30862","page","type-page","status-publish","hentry"],"jetpack_sharing_enabled":true,"jetpack_likes_enabled":true,"_links":{"self":[{"href":"https:\/\/cargad.com\/index.php\/wp-json\/wp\/v2\/pages\/30862","targetHints":{"allow":["GET"]}}],"collection":[{"href":"https:\/\/cargad.com\/index.php\/wp-json\/wp\/v2\/pages"}],"about":[{"href":"https:\/\/cargad.com\/index.php\/wp-json\/wp\/v2\/types\/page"}],"author":[{"embeddable":true,"href":"https:\/\/cargad.com\/index.php\/wp-json\/wp\/v2\/users\/2"}],"replies":[{"embeddable":true,"href":"https:\/\/cargad.com\/index.php\/wp-json\/wp\/v2\/comments?post=30862"}],"version-history":[{"count":7,"href":"https:\/\/cargad.com\/index.php\/wp-json\/wp\/v2\/pages\/30862\/revisions"}],"predecessor-version":[{"id":72178,"href":"https:\/\/cargad.com\/index.php\/wp-json\/wp\/v2\/pages\/30862\/revisions\/72178"}],"up":[{"embeddable":true,"href":"https:\/\/cargad.com\/index.php\/wp-json\/wp\/v2\/pages\/9796"}],"wp:attachment":[{"href":"https:\/\/cargad.com\/index.php\/wp-json\/wp\/v2\/media?parent=30862"}],"curies":[{"name":"wp","href":"https:\/\/api.w.org\/{rel}","templated":true}]}}