{"id":38160,"date":"2017-06-22T11:27:53","date_gmt":"2017-06-22T10:27:53","guid":{"rendered":"https:\/\/cargad.com\/?page_id=38160"},"modified":"2017-07-11T10:15:53","modified_gmt":"2017-07-11T09:15:53","slug":"kings-of-war","status":"publish","type":"page","link":"https:\/\/cargad.com\/index.php\/juegos\/kings-of-war\/","title":{"rendered":"Kings of War"},"content":{"rendered":"<p>Esta p\u00e1gina sirve para recopilar art\u00edculos relacionados con <em><strong>Kings of War<\/strong><\/em> y publicados en el blog.<\/p>\n<p><span style=\"text-decoration: underline;\"><strong>Recursos de juego<\/strong><\/span><\/p>\n<ul>\n<li>Erratas al reglamento (edici\u00f3n revisada), junio de 2017:\u00a0<a href=\"https:\/\/cargad.com\/wp-content\/uploads\/2017\/06\/KOW-erratas-en-castellano-1.0-junio-2017.pdf\" target=\"_blank\" rel=\"noopener\">https:\/\/cargad.com\/wp-content\/uploads\/2017\/06\/KOW-erratas-en-castellano-1.0-junio-2017.pdf<\/a><\/li>\n<li>Erratas al manual del jugador, junio 2016:\u00a0<a href=\"https:\/\/cargad.com\/wp-content\/uploads\/2017\/06\/KOW-erratas-al-manual-del-jugador-en-castellano-julio-2016.pdf\" target=\"_blank\" rel=\"noopener\">https:\/\/cargad.com\/wp-content\/uploads\/2017\/06\/KOW-erratas-al-manual-del-jugador-en-castellano-julio-2016.pdf<\/a><\/li>\n<\/ul>\n<p>&nbsp;<\/p>\n","protected":false},"excerpt":{"rendered":"<p>Esta p\u00e1gina sirve para recopilar art\u00edculos relacionados con Kings of War y publicados en el blog. Recursos de juego Erratas al reglamento (edici\u00f3n revisada), junio de 2017:\u00a0https:\/\/cargad.com\/wp-content\/uploads\/2017\/06\/KOW-erratas-en-castellano-1.0-junio-2017.pdf Erratas al manual del jugador, junio 2016:\u00a0https:\/\/cargad.com\/wp-content\/uploads\/2017\/06\/KOW-erratas-al-manual-del-jugador-en-castellano-julio-2016.pdf &nbsp;<\/p>\n","protected":false},"author":2,"featured_media":0,"parent":9796,"menu_order":0,"comment_status":"closed","ping_status":"closed","template":"","meta":{"om_disable_all_campaigns":false,"_monsterinsights_skip_tracking":false,"_monsterinsights_sitenote_active":false,"_monsterinsights_sitenote_note":"","_monsterinsights_sitenote_category":0,"footnotes":""},"class_list":["post-38160","page","type-page","status-publish","hentry"],"jetpack_sharing_enabled":true,"jetpack_likes_enabled":true,"_links":{"self":[{"href":"https:\/\/cargad.com\/index.php\/wp-json\/wp\/v2\/pages\/38160","targetHints":{"allow":["GET"]}}],"collection":[{"href":"https:\/\/cargad.com\/index.php\/wp-json\/wp\/v2\/pages"}],"about":[{"href":"https:\/\/cargad.com\/index.php\/wp-json\/wp\/v2\/types\/page"}],"author":[{"embeddable":true,"href":"https:\/\/cargad.com\/index.php\/wp-json\/wp\/v2\/users\/2"}],"replies":[{"embeddable":true,"href":"https:\/\/cargad.com\/index.php\/wp-json\/wp\/v2\/comments?post=38160"}],"version-history":[{"count":5,"href":"https:\/\/cargad.com\/index.php\/wp-json\/wp\/v2\/pages\/38160\/revisions"}],"predecessor-version":[{"id":40251,"href":"https:\/\/cargad.com\/index.php\/wp-json\/wp\/v2\/pages\/38160\/revisions\/40251"}],"up":[{"embeddable":true,"href":"https:\/\/cargad.com\/index.php\/wp-json\/wp\/v2\/pages\/9796"}],"wp:attachment":[{"href":"https:\/\/cargad.com\/index.php\/wp-json\/wp\/v2\/media?parent=38160"}],"curies":[{"name":"wp","href":"https:\/\/api.w.org\/{rel}","templated":true}]}}