{"id":6306,"date":"2012-03-14T09:43:59","date_gmt":"2012-03-14T08:43:59","guid":{"rendered":"http:\/\/cargad.com\/?page_id=6306"},"modified":"2013-04-16T09:50:37","modified_gmt":"2013-04-16T08:50:37","slug":"decalogo-de-cargad-normativa","status":"publish","type":"page","link":"https:\/\/cargad.com\/index.php\/decalogo-de-cargad-normativa\/","title":{"rendered":"Dec\u00e1logo de Cargad"},"content":{"rendered":"<p>Saludos, Se\u00f1ores de la Guerra.<\/p>\n<p>He aqu\u00ed las normas del blog:<\/p>\n<ol>\n<li>Cargad es un blog independiente, friki, que va sobre todo de juegos de miniaturas, en plural. No pertenece a ninguna marca ni recibe subvenciones ocultas de nadie (de hecho lo pagamos con nuestro dinero).<\/li>\n<li>La tem\u00e1tica del blog es ESPECIALMENTE juegos de miniaturas. Eso no quiere decir que quepan de vez en cuando temas como wargames no-de-miniaturas, temas de fantas\u00eda o ciencia ficci\u00f3n sin ser wargames (p.e. videojuegos, literatura o pel\u00edculas), el Big Culo Day, etc.<\/li>\n<li>Las opiniones son como el culo: cada uno tiene el suyo y el de Salma Hayek es el m\u00e1s bonito. Dicho esto, cualquier opini\u00f3n debe ser expuesta con RESPETO y EDUCACION. Ya sabemos que la l\u00ednea que separa la iron\u00eda del no-respeto es demasiado fina, pero somos mayorcitos&#8230;<\/li>\n<li>En Cargad hay Colaboradores que escriben posts (entradas) de vez en cuando. Cargad NO tiene opini\u00f3n sobre nada; sus colaboradores s\u00ed, y la de un colaborador puede ser distinta a la de los dem\u00e1s. Que un colaborador opine que una miniatura que parece un churro es la pera limonera, quiere decir que ESE COLABORADOR opina que ese churro es la pera limonera. No quiere decir que la miniatura lo sea. As\u00ed que no dig\u00e1is \u00abCargad ha dicho que esta miniatura es la cebolla\u00bb porque Cargad no dice nada (es m\u00e1s, puede que haya alg\u00fan colaborador a quien le encante un juego pero no le guste la pol\u00edtica de la compa\u00f1\u00eda, son cosas distintas, \u00bfvale?).<\/li>\n<li>Lo mismo se aplica sobre los Juegos. Que un Colaborador hable de un juego concreto y siempre o casi siempre de ese juego, es porque le mola. Si no habla de otros juegos, es porque no le molan. Insistimos porque es importante. Cargad NO HABLA. Cargad NO TIENE OPINI\u00d3N. De hecho Cargad no es un ser vivo aunque lo parezca (ni no-muerto). Si en Cargad no hay ning\u00fan colaborador que hable de TU juego favorito, es porque no hay nadie en Cargad a quien le mole, no porque le tengan man\u00eda. Salvo a Transformers, pero porque era un juego malo del cop\u00f3n&#8230;<\/li>\n<li>En Cargad SIEMPRE estamos abiertos a nuevos Colaboradores. As\u00ed que si tienes ganas, tiempo y responsabilidad, PUEDES ser colaborador de Cargad. Si quieres que en Cargad se hable de tu juego favorito, t\u00fa puedes ser quien hable de \u00e9l. En serio. Habla con cualquier ex-colaborador de Cargad y todos te dir\u00e1n lo mismo, que no se obligaba ni se prohib\u00eda hablar de X juego o Y empresa (siempre y cuando se cumplan los puntos anteriores). Ya sabes: info arroba cargad punto com.<\/li>\n<li>Las Reglas para los posts se aplican tambi\u00e9n a los Comentarios. Los comentarios son todos subjetivos y cada comentario es de quien lo haya hecho. Los Comentarios deben estar relacionados con el post (entrada). No hemos visto ninguno de Spam porque tenemos un filtro (AUTOM\u00c1TICO). Si has puesto un post, especialmente si tiene enlaces, piensa que en breve lo miraremos. Vamos borrando el spam de vez en cuando. E insistimos que los Comentarios deben ser con RESPETO y EDUCACI\u00d3N. Y por cierto, si escribes un comentario no hace falta que lo escribas otra vez cinco comentarios m\u00e1s abajo&#8230;<\/li>\n<li>\u00a0Hay 3 temas prohibidos en Cargad, tanto a nivel de post como a nivel de comentario: RELIGI\u00d3N, POL\u00cdTICA y F\u00daTBOL. A no ser que hables de qu\u00e9 dios del Caos es m\u00e1s poderoso, de qui\u00e9n deber\u00eda gobernar el Imperio o de qui\u00e9n gan\u00f3 la copa de BloodBowl. Si alguien habla de esos temas y claramente es de esos temas, se le dar\u00e1 un toque personal (si es post) o p\u00fablico (si es comentario). Si se reincide se tomar\u00edan otras medidas.<\/li>\n<li>En general nunca borramos comentarios, pero eso no quiere decir que nunca lo hayamos hecho. Y lo haremos siempre que se vulnere uno de los puntos, o si se falta el respeto. En \u00faltima instancia, si hubiera mucha \u00absangre\u00bb tomar\u00edamos partido los de Cargad; podemos actuar como \u00abpolic\u00edas\u00bb o vigilantes (eh, el blog es nuestro y lo pagamos nosotros&#8230; tenemos ese derecho aunque casi nunca lo hayamos ejercido en miles y miles de comentarios). Si alguien pregunta \u00aby qui\u00e9n vigila a los vigilantes\u00bb, pues nadie, porque el blog es nuestro, leches \ud83d\ude1b<\/li>\n<li>En los posts dejamos comentar a la gente. Y la gente, como que no son robots de culos brillanes, tiene opini\u00f3n propia no programada por programadores malvados. As\u00ed que tambi\u00e9n tienen opini\u00f3n pr\u00f3pia y por tanto tampoco comentarios tampoco representan a Cargad, porque Cargad no existe. Los comentaristas, por cierto, tambi\u00e9n tienen culo. Pero no tan bonito como el de Salma.<\/li>\n<\/ol>\n","protected":false},"excerpt":{"rendered":"<p>Saludos, Se\u00f1ores de la Guerra. He aqu\u00ed las normas del blog: Cargad es un blog independiente, friki, que va sobre todo de juegos de miniaturas, en plural. No pertenece a ninguna marca ni recibe subvenciones ocultas de nadie (de hecho <a class=\"more-link\" href=\"https:\/\/cargad.com\/index.php\/decalogo-de-cargad-normativa\/\">Seguir leyendo <span class=\"screen-reader-text\">  Dec\u00e1logo de Cargad<\/span><span class=\"meta-nav\">&rarr;<\/span><\/a><\/p>\n","protected":false},"author":3,"featured_media":0,"parent":0,"menu_order":0,"comment_status":"open","ping_status":"closed","template":"","meta":{"om_disable_all_campaigns":false,"_monsterinsights_skip_tracking":false,"_monsterinsights_sitenote_active":false,"_monsterinsights_sitenote_note":"","_monsterinsights_sitenote_category":0,"footnotes":""},"class_list":["post-6306","page","type-page","status-publish","hentry"],"jetpack_sharing_enabled":true,"jetpack_likes_enabled":true,"_links":{"self":[{"href":"https:\/\/cargad.com\/index.php\/wp-json\/wp\/v2\/pages\/6306","targetHints":{"allow":["GET"]}}],"collection":[{"href":"https:\/\/cargad.com\/index.php\/wp-json\/wp\/v2\/pages"}],"about":[{"href":"https:\/\/cargad.com\/index.php\/wp-json\/wp\/v2\/types\/page"}],"author":[{"embeddable":true,"href":"https:\/\/cargad.com\/index.php\/wp-json\/wp\/v2\/users\/3"}],"replies":[{"embeddable":true,"href":"https:\/\/cargad.com\/index.php\/wp-json\/wp\/v2\/comments?post=6306"}],"version-history":[{"count":5,"href":"https:\/\/cargad.com\/index.php\/wp-json\/wp\/v2\/pages\/6306\/revisions"}],"predecessor-version":[{"id":12180,"href":"https:\/\/cargad.com\/index.php\/wp-json\/wp\/v2\/pages\/6306\/revisions\/12180"}],"wp:attachment":[{"href":"https:\/\/cargad.com\/index.php\/wp-json\/wp\/v2\/media?parent=6306"}],"curies":[{"name":"wp","href":"https:\/\/api.w.org\/{rel}","templated":true}]}}