{"id":71789,"date":"2021-03-20T12:47:48","date_gmt":"2021-03-20T11:47:48","guid":{"rendered":"https:\/\/cargad.com\/?page_id=71789"},"modified":"2021-03-20T12:47:49","modified_gmt":"2021-03-20T11:47:49","slug":"catalogando-warhammer","status":"publish","type":"page","link":"https:\/\/cargad.com\/index.php\/catalogando-warhammer\/","title":{"rendered":"Catalogando Warhammer"},"content":{"rendered":"\n<p>Vamos a ir a\u00f1adiendo aqu\u00ed el Cat\u00e1logo completo de las miniaturas de Warhammer de 3\u00aa a 8\u00aa edici\u00f3n.<\/p>\n","protected":false},"excerpt":{"rendered":"<p>Vamos a ir a\u00f1adiendo aqu\u00ed el Cat\u00e1logo completo de las miniaturas de Warhammer de 3\u00aa a 8\u00aa edici\u00f3n.<\/p>\n","protected":false},"author":3,"featured_media":0,"parent":0,"menu_order":0,"comment_status":"closed","ping_status":"closed","template":"","meta":{"om_disable_all_campaigns":false,"_monsterinsights_skip_tracking":false,"_monsterinsights_sitenote_active":false,"_monsterinsights_sitenote_note":"","_monsterinsights_sitenote_category":0,"footnotes":""},"class_list":["post-71789","page","type-page","status-publish","hentry"],"jetpack_sharing_enabled":true,"jetpack_likes_enabled":true,"_links":{"self":[{"href":"https:\/\/cargad.com\/index.php\/wp-json\/wp\/v2\/pages\/71789","targetHints":{"allow":["GET"]}}],"collection":[{"href":"https:\/\/cargad.com\/index.php\/wp-json\/wp\/v2\/pages"}],"about":[{"href":"https:\/\/cargad.com\/index.php\/wp-json\/wp\/v2\/types\/page"}],"author":[{"embeddable":true,"href":"https:\/\/cargad.com\/index.php\/wp-json\/wp\/v2\/users\/3"}],"replies":[{"embeddable":true,"href":"https:\/\/cargad.com\/index.php\/wp-json\/wp\/v2\/comments?post=71789"}],"version-history":[{"count":1,"href":"https:\/\/cargad.com\/index.php\/wp-json\/wp\/v2\/pages\/71789\/revisions"}],"predecessor-version":[{"id":71790,"href":"https:\/\/cargad.com\/index.php\/wp-json\/wp\/v2\/pages\/71789\/revisions\/71790"}],"wp:attachment":[{"href":"https:\/\/cargad.com\/index.php\/wp-json\/wp\/v2\/media?parent=71789"}],"curies":[{"name":"wp","href":"https:\/\/api.w.org\/{rel}","templated":true}]}}