{"id":71903,"date":"2021-03-22T08:56:46","date_gmt":"2021-03-22T07:56:46","guid":{"rendered":"https:\/\/cargad.com\/?page_id=71903"},"modified":"2021-06-03T14:12:24","modified_gmt":"2021-06-03T13:12:24","slug":"catalogando-warhammer-elfos-silvanos","status":"publish","type":"page","link":"https:\/\/cargad.com\/index.php\/catalogando-warhammer-elfos-silvanos\/","title":{"rendered":"Catalogando Warhammer: Elfos Silvanos"},"content":{"rendered":"\n<figure class=\"wp-block-image size-large is-resized\"><img loading=\"lazy\" decoding=\"async\" src=\"https:\/\/cargad.com\/wp-content\/uploads\/2021\/03\/Elfos-Silvanos-6-Portada.jpg\" alt=\"\" class=\"wp-image-71904\" width=\"514\" height=\"696\" srcset=\"https:\/\/cargad.com\/wp-content\/uploads\/2021\/03\/Elfos-Silvanos-6-Portada.jpg 514w, https:\/\/cargad.com\/wp-content\/uploads\/2021\/03\/Elfos-Silvanos-6-Portada-222x300.jpg 222w, https:\/\/cargad.com\/wp-content\/uploads\/2021\/03\/Elfos-Silvanos-6-Portada-111x150.jpg 111w\" sizes=\"auto, (max-width: 514px) 100vw, 514px\" \/><\/figure>\n\n\n\n<p>Iremos colgando en esta p\u00e1gina enlaces a todos los posts de Catalogando Warhammer relacionado con Elfos Silvanos.<\/p>\n\n\n\n<ul class=\"wp-block-list\"><li><a href=\"https:\/\/cargad.com\/index.php\/2021\/04\/21\/catalogando-warhammer-la-caja-de-warhammer-fantasy-regiments\/\">PSB3<\/a>, Warhammer Regiments de 3\u00aa edici\u00f3n.<\/li><li><a href=\"https:\/\/cargad.com\/index.php\/2021\/03\/22\/catalogando-warhammer-altos-elfos-elf6-caballeros-elficos-de-3a-edicion-1987-88-jes-goodwin\/\">ELF6, Caballeros \u00e9lficos de 3\u00aa edici\u00f3n<\/a><\/li><li><a href=\"https:\/\/cargad.com\/index.php\/2021\/04\/15\/catalogando-warhammer-elfos-silvanos-serie-74213-infanteria\/\">Serie 74213 Infanter\u00eda \u00e9lfica<\/a>, 3\u00aa edici\u00f3n, reciclada de ME31, ELF1 y ELF5.<\/li><li><a style=\"font-size: 15px;\" href=\"https:\/\/cargad.com\/index.php\/2021\/04\/18\/catalogando-warhammer-elfos-silvanos-serie-74249-senores-de-las-bestias\/\">Serie 74249, Se\u00f1ores de las Bestias<\/a><span style=\"font-size: 15px;\">, 3\u00aa edici\u00f3n (antes ELF5 y despu\u00e9s 204080).<\/span><\/li><li><a href=\"https:\/\/cargad.com\/index.php\/2021\/04\/16\/catalogando-warhammer-elfos-silvanos-serie-74237-bailarines-guerreros\/\">Serie 74237, Bailarines Guerreros<\/a>, 3\u00aa edici\u00f3n, incluyendo ELF1, ELF5, 0402, 0403 y 204080.<\/li><li><a href=\"https:\/\/cargad.com\/index.php\/2021\/04\/20\/catalogando-warhammer-elfos-silvanos-serie-mm80-elfos-de-aly-morrison\/\">Serie MM80<\/a>.<\/li><li><a href=\"https:\/\/cargad.com\/index.php\/2021\/04\/22\/catalogando-warhammer-elfos-silvanos-arqueros-de-4a-a-6a\/\">Arqueros de 4\u00aa a 6\u00aa<\/a>, incluyendo serie 74201 (204018)<\/li><li><a href=\"https:\/\/cargad.com\/index.php\/2021\/04\/25\/catalogando-warhammer-elfos-silvanos-exploradores-2\/\">Exploradores<\/a>, incluyendo series 204027, 204028 y 204029.<\/li><li><a href=\"https:\/\/cargad.com\/index.php\/2021\/05\/04\/catalogando-warhammer-elfos-silvanos-forestales-2\/\">Forestales<\/a>, incluyendo series 74220 (204015) y 204060.<\/li><li><a href=\"https:\/\/cargad.com\/index.php\/2021\/04\/23\/catalogando-warhammer-elfos-silvanos-lanceros-guardia-eterna-de-4a-a-8a\/\">Lanceros \/ Guardia Eterna, de 4\u00aa a 8\u00aa, y Montaraces de Bosquesalvaje<\/a>, incluyendo series 74204 (204023), 204055 y 204070.<\/li><li><a href=\"https:\/\/cargad.com\/index.php\/2021\/04\/24\/catalogando-warhammer-elfos-silvanos-serie-74205-grupo-de-mando-lanceros-arqueros-de-4a\/\">74205 (204005), Grupo de mando de 4\u00aa<\/a> para los Arqueros y Lanceros.<\/li><li><a href=\"https:\/\/cargad.com\/index.php\/2021\/05\/19\/catalogando-warhammer-elfos-silvanos-bailarines-guerreros-4a-a-6a\/\">Bailarines Guerreros de 4\u00aa a 6\u00aa<\/a>, incluyendo series 74203, 204021, 204059 y 204069.<\/li><li><a href=\"https:\/\/cargad.com\/index.php\/2021\/05\/12\/catalogando-warhammer-elfos-silvanos-jinetes-del-bosque-2\/\">Jinetes del Bosque<\/a>, incluyendo series MM0536 (204025), 74211 (204010+204013), 74217 (204012) y 74219 (204014).<\/li><li><a href=\"https:\/\/cargad.com\/index.php\/2021\/05\/18\/catalogando-warhammer-elfos-silvanos-jinetes-de-kurnous-y-hermanas-de-la-espina\/\">Jinetes de Kurnous<\/a>, serie 204058<\/li><li><a href=\"https:\/\/cargad.com\/index.php\/2021\/05\/21\/catalogando-warhammer-elfos-silvanos-jinetes-de-halcon-2\/\">Jinetes de Halc\u00f3n<\/a>, series 74212 (204011) y 204064.<\/li><li><a href=\"https:\/\/cargad.com\/index.php\/2021\/05\/18\/catalogando-warhammer-elfos-silvanos-jinetes-de-kurnous-y-hermanas-de-la-espina\/\">Hermanas de la Espina<\/a><\/li><li><a href=\"https:\/\/cargad.com\/index.php\/2021\/05\/20\/catalogando-warhammer-elfos-silvanos-driades-arboreos-y-hombres-arbol\/\">Dr\u00edades, Arb\u00f3reos y Hombres \u00c1rbol<\/a>, incluyendo series 74202 (204020), 204061, MB14 (204017) y 204056.<\/li><li><a href=\"https:\/\/cargad.com\/index.php\/2021\/04\/07\/catalogando-warhammer-aguilas-gigantes-para-altos-elfos-y-elfos-silvanos\/\">\u00c1guilas Gigantes<\/a> (3\u00aa a 6\u00aa), incluyendo series FF10, C22, C24, MB16 y 204008).<\/li><li><a href=\"https:\/\/cargad.com\/index.php\/2021\/05\/27\/catalogando-warhammer-elfos-silvanos-zoat-2\/\">Zoat<\/a>, incluyendo series C29\/C34.<\/li><li><a href=\"https:\/\/cargad.com\/index.php\/2021\/05\/28\/catalogando-warhammer-elfos-silvanos-personajes-comunes-2\/\">Personajes comunes<\/a>, incluyendo series MB16, MM83, MM0535 (204002), 204007, 204009, 204026, 204065, 204068, 204071, 204072, 204073, 204074, 204075, 204076, 204077 y PR23.<\/li><li><a href=\"https:\/\/cargad.com\/index.php\/2021\/06\/01\/catalogando-warhammer-elfos-silvanos-personajes-especiales-2\/\">Personajes especiales<\/a>, incluyendo series 799015, MM0537 (204003), 204057, MM0539 (204004), MM0534 (204019), 204011, 204016, 204054 y 204062.<\/li><li><a href=\"https:\/\/cargad.com\/index.php\/2021\/06\/03\/catalogando-warhammer-elfos-silvanos-otros-juegos-rarezas-ediciones-limitadas-y-unreleased\/\">Otros juegos, rarezas, ediciones limitadas y Unreleased<\/a>.<\/li><\/ul>\n\n\n\n<p><\/p>\n","protected":false},"excerpt":{"rendered":"<p>Iremos colgando en esta p\u00e1gina enlaces a todos los posts de Catalogando Warhammer relacionado con Elfos Silvanos. PSB3, Warhammer Regiments de 3\u00aa edici\u00f3n. ELF6, Caballeros \u00e9lficos de 3\u00aa edici\u00f3n Serie 74213 Infanter\u00eda \u00e9lfica, 3\u00aa edici\u00f3n, reciclada de ME31, ELF1 y <a class=\"more-link\" href=\"https:\/\/cargad.com\/index.php\/catalogando-warhammer-elfos-silvanos\/\">Seguir leyendo <span class=\"screen-reader-text\">  Catalogando Warhammer: Elfos Silvanos<\/span><span class=\"meta-nav\">&rarr;<\/span><\/a><\/p>\n","protected":false},"author":3,"featured_media":0,"parent":0,"menu_order":0,"comment_status":"closed","ping_status":"closed","template":"","meta":{"om_disable_all_campaigns":false,"_monsterinsights_skip_tracking":false,"_monsterinsights_sitenote_active":false,"_monsterinsights_sitenote_note":"","_monsterinsights_sitenote_category":0,"footnotes":""},"class_list":["post-71903","page","type-page","status-publish","hentry"],"jetpack_sharing_enabled":true,"jetpack_likes_enabled":true,"_links":{"self":[{"href":"https:\/\/cargad.com\/index.php\/wp-json\/wp\/v2\/pages\/71903","targetHints":{"allow":["GET"]}}],"collection":[{"href":"https:\/\/cargad.com\/index.php\/wp-json\/wp\/v2\/pages"}],"about":[{"href":"https:\/\/cargad.com\/index.php\/wp-json\/wp\/v2\/types\/page"}],"author":[{"embeddable":true,"href":"https:\/\/cargad.com\/index.php\/wp-json\/wp\/v2\/users\/3"}],"replies":[{"embeddable":true,"href":"https:\/\/cargad.com\/index.php\/wp-json\/wp\/v2\/comments?post=71903"}],"version-history":[{"count":28,"href":"https:\/\/cargad.com\/index.php\/wp-json\/wp\/v2\/pages\/71903\/revisions"}],"predecessor-version":[{"id":74731,"href":"https:\/\/cargad.com\/index.php\/wp-json\/wp\/v2\/pages\/71903\/revisions\/74731"}],"wp:attachment":[{"href":"https:\/\/cargad.com\/index.php\/wp-json\/wp\/v2\/media?parent=71903"}],"curies":[{"name":"wp","href":"https:\/\/api.w.org\/{rel}","templated":true}]}}