{"id":72,"date":"2008-05-23T13:26:37","date_gmt":"2008-05-23T12:26:37","guid":{"rendered":"http:\/\/cargad.com\/?page_id=72"},"modified":"2026-03-05T10:18:54","modified_gmt":"2026-03-05T09:18:54","slug":"manuscritos-de-nuth","status":"publish","type":"page","link":"https:\/\/cargad.com\/index.php\/manuscritos-de-nuth\/","title":{"rendered":"Manuscritos de Nuth"},"content":{"rendered":"\n<p><a href=\"https:\/\/cargad.com\/index.php\/wh6-reglamento-anotado\/\">En esta p\u00e1gina pod\u00e9is consultar el Reglamento de Sexta anotado<\/a>.<\/p>\n\n\n\n<p><a href=\"https:\/\/cargad.com\/index.php\/escenarios-para-warhammer\/\">Aqu\u00ed pod\u00e9is encontrar los Escenarios<\/a> que hemos ido publicando para <strong>Warhammer<\/strong>.<\/p>\n\n\n\n<h2 class=\"wp-block-heading\"><strong>Warhammer Sexta Edici\u00f3n<\/strong><\/h2>\n\n\n\n<p>En la <a href=\"https:\/\/cargad.com\/index.php\/juegos\/warhammer-guia-del-coleccionista\/\">Gu\u00eda del Coleccionista<\/a> pod\u00e9is conseguir el Reglamento de Sexta y todo lo que apareci\u00f3 en su d\u00eda para <strong>Warhammer<\/strong>.<\/p>\n\n\n\n<p>\u00a1Prueba a jugar con <a href=\"https:\/\/drive.google.com\/open?id=1N7_wflstu_57MUVuZTOfPjM04K372pT4\">Patrullas<\/a>! Partidas m\u00e1s r\u00e1pidas y m\u00e1s cortas con todo el sabor de Warhammer \ud83d\ude42<\/p>\n\n\n\n<ul class=\"wp-block-list\">\n<li><strong><a href=\"https:\/\/cargad.com\/wp-content\/uploads\/2021\/05\/MDNR-Referencia-Turno.pdf\" target=\"_blank\" rel=\"noreferrer noopener\">Hoja de referencia de turno<\/a><a href=\"https:\/\/cargad.com\/wp-content\/uploads\/2019\/08\/MDNR-Referencia-Turno.pdf\"> <\/a><\/strong>(<a href=\"https:\/\/cargad.com\/wp-content\/uploads\/2021\/05\/MDNR-Referencia-Turno-PF.pdf\" target=\"_blank\" rel=\"noreferrer noopener\">versi\u00f3n <em>Printer Friendy<\/em><\/a>)<\/li>\n\n\n\n<li><strong><a title=\"MDNR-Referencia-Magia.pdf\" href=\"https:\/\/cargad.com\/wp-content\/uploads\/2021\/05\/MDNR-Referencia-Magia.pdf\" target=\"_blank\" rel=\"noreferrer noopener\">Hoja de referencia de magia<\/a><\/strong><\/li>\n<\/ul>\n\n\n\n<h2 class=\"wp-block-heading\">Mighty Empires para MdN<\/h2>\n\n\n\n<p>El parroquiano Sebasti\u00e1n Buzzato se ha currado una adaptaci\u00f3n del popular sistema de campa\u00f1as <strong>Mighty Empires<\/strong> para MdN. <a href=\"https:\/\/1drv.ms\/u\/s!AsJxEg9y3fTnnOIkq_3pNlet6BDijQ?e=ajDEko\" target=\"_blank\" rel=\"noopener\">En esta carpeta de OneDrive<\/a> tienes todo el material necesario, \u00a1incluyendo las reglas y la gesti\u00f3n de dominios para todas las facciones!<\/p>\n\n\n\n<h2 class=\"wp-block-heading\">Buscador de jugadores<\/h2>\n\n\n\n<figure class=\"wp-block-image size-large\"><img decoding=\"async\" src=\"https:\/\/cargad.com\/wp-content\/uploads\/2020\/09\/Mapa-jugadores-MDN-1024x765.jpg\" alt=\"\" class=\"wp-image-68735\"\/><\/figure>\n\n\n\n<p>Aqu\u00ed puedes ver <a href=\"https:\/\/www.google.com\/maps\/d\/edit?mid=1wW7SX723ENbQrdp3RNy1SmtJV-W8MLVQ&amp;usp=sharing\">un mapa de jugadores<\/a>. Puedes usar <a href=\"https:\/\/forms.gle\/n8GSGdhpc1x2Zq8M6\">este formulario<\/a> para a\u00f1adirte como jugador o club \ud83d\ude42<\/p>\n\n\n\n<h1 class=\"wp-block-heading\">Manuscritos de Nuth<\/h1>\n\n\n\n<p>Aqu\u00ed pod\u00e9is consultar el <a class=\"aioseop-link\" href=\"https:\/\/docs.google.com\/document\/d\/1NzSCLOo80PsmuFjzqUA482AIX6Rbfy1GbsXiVuC2Wj0\/edit?usp=sharing\">DOCUMENTO DE ERRATAS<\/a>. con todas las erratas de todos los libros.<\/p>\n\n\n\n<figure class=\"wp-block-table\"><table><tbody><tr><th>Ej\u00e9rcito<\/th><th>Edici\u00f3n del Jugador<\/th><th>Versi\u00f3n<\/th><\/tr><tr><td>Altos Elfos<\/td><td><figure><a href=\"https:\/\/mdnr.page.link\/ae2022\" target=\"_blank\" rel=\"noreferrer noopener\"><img loading=\"lazy\" decoding=\"async\" width=\"125\" height=\"162\" class=\"alignnone wp-image-45289\" src=\"https:\/\/cargad.com\/wp-content\/uploads\/2016\/04\/MDNRAEGE_Portada.jpg\"><\/a><\/figure><\/td><td>Versi\u00f3n 2022.12<\/td><\/tr><tr><td>Bretonia<\/td><td><figure><a href=\"https:\/\/drive.google.com\/file\/d\/1h6YBoW9SkF6BergyP-UgnX01xdCLMqU7\/view?usp=drive_link\" target=\"_blank\" rel=\"noreferrer noopener\"><img loading=\"lazy\" decoding=\"async\" width=\"125\" height=\"162\" class=\"alignnone wp-image-45289\" src=\"https:\/\/cargad.com\/wp-content\/uploads\/2016\/06\/MDNR-BR-Portada.jpg\" alt=\"\"><\/a><\/figure><\/td><td>Versi\u00f3n 2025.01<\/td><\/tr><tr><td>Condes Vampiro<\/td><td><figure><a href=\"https:\/\/drive.google.com\/file\/d\/1Oj8l3RbY5cuL2HLUdxt8H52SyGeXMKaI\/view?usp=sharing\" target=\"_blank\" rel=\"noreferrer noopener\"><img loading=\"lazy\" decoding=\"async\" width=\"125\" height=\"162\" class=\"alignnone wp-image-45289\" src=\"https:\/\/cargad.com\/wp-content\/uploads\/2016\/09\/Manuscritos-de-Nuth-Condes-Vampiro-portada.jpg\" alt=\"\"><\/a><\/figure><\/td><td>Versi\u00f3n 2025.11<\/td><\/tr><tr><td>Contingentes Aliados<\/td><td><figure><a href=\"https:\/\/mdnr.page.link\/al2022\" target=\"_blank\" rel=\"noreferrer noopener\"><img loading=\"lazy\" decoding=\"async\" width=\"125\" height=\"162\" class=\"alignnone wp-image-45289\" src=\"https:\/\/cargad.com\/wp-content\/uploads\/2019\/02\/MDNR-Aliados-portada.jpg\"><\/a><\/figure><\/td><td>Versi\u00f3n 2022.10<\/td><\/tr><tr><td>Culto de Slaanesh<\/td><td><figure><a href=\"https:\/\/mdnr.page.link\/cds2023\" target=\"_blank\" rel=\"noreferrer noopener\"><img loading=\"lazy\" decoding=\"async\" width=\"125\" height=\"162\" class=\"alignnone wp-image-35277\" src=\"https:\/\/cargad.com\/wp-content\/uploads\/2023\/07\/MdN-CDS-Portada-culto-de-slaanesh.jpg\" alt=\"portada-culto-de-slaanesh\"><\/a><\/figure><\/td><td>Versi\u00f3n 2023.07<\/td><\/tr><tr><td>Elfos Oscuros<\/td><td><figure><a href=\"https:\/\/drive.google.com\/file\/d\/1vut5VF2uIUM3zzlYCdrtR2LgE_8kzX9Y\/view?usp=sharing\" target=\"_blank\" rel=\"noreferrer noopener\"><img loading=\"lazy\" decoding=\"async\" width=\"125\" height=\"162\" class=\"alignnone wp-image-35277\" src=\"https:\/\/cargad.com\/wp-content\/uploads\/2016\/10\/MDNR-Elfos-Oscuros-portada.jpg\" alt=\"mdnr-elfos-oscuros-portada\"><\/a><\/figure><\/td><td>Versi\u00f3n 2025.04<\/td><\/tr><tr><td>Elfos Silvanos<\/td><td><figure><a href=\"https:\/\/mdnr.page.link\/es2022\" target=\"_blank\" rel=\"noreferrer noopener\"><img loading=\"lazy\" decoding=\"async\" width=\"125\" height=\"162\" class=\"alignnone wp-image-45289\" src=\"https:\/\/cargad.com\/wp-content\/uploads\/2008\/05\/MDNR-Elfos-Silvanos-portada.jpg\" alt=\"\"><\/a><a href=\"https:\/\/mdnr.page.link\/es2022\" target=\"_blank\" rel=\"noreferrer noopener\"> <\/a><\/figure><\/td><td>Versi\u00f3n 2022.08<\/td><\/tr><tr><td>Enanos<\/td><td><figure><a href=\"https:\/\/drive.google.com\/file\/d\/1qpYA_0xT7z0XqFZT2ijqaj54sAMbMqmp\/view?usp=sharing\" target=\"_blank\" rel=\"noreferrer noopener\"><img loading=\"lazy\" decoding=\"async\" width=\"125\" height=\"162\" class=\"alignnone wp-image-36334\" src=\"https:\/\/cargad.com\/wp-content\/uploads\/2017\/01\/MDNRENGE_Portada.jpg\" alt=\"MDNRENGE_Portada\"><\/a><\/figure><\/td><td>Versi\u00f3n 2025.06<\/td><\/tr><tr><td>Enanos del Caos<\/td><td><figure><a href=\"https:\/\/drive.google.com\/file\/d\/1211qX0s8N5M33QIAhFdjpeg3w-w_2rKN\/view?usp=sharing\"><img loading=\"lazy\" decoding=\"async\" width=\"125\" height=\"161\" class=\"alignnone wp-image-36566\" src=\"https:\/\/cargad.com\/wp-content\/uploads\/2017\/02\/MDNRECGE_PORTADA.jpg\"><\/a><\/figure><\/td><td>Versi\u00f3n 2025.03<\/td><\/tr><tr><td>Hombres Lagarto<\/td><td><figure><a href=\"https:\/\/drive.google.com\/file\/d\/1HhNLZgGUe8ILsuaV0GWLDFA6Ht4OJ2AJ\/view?usp=sharing\" target=\"_blank\" rel=\"noreferrer noopener\"><img loading=\"lazy\" decoding=\"async\" width=\"125\" height=\"171\" class=\"alignnone wp-image-37513\" src=\"https:\/\/cargad.com\/wp-content\/uploads\/2017\/03\/Lagartos-frontal-mini.jpg\"><\/a><\/figure><\/td><td>Versi\u00f3n 2025.05<\/td><\/tr><tr><td>Imperio<\/td><td><figure><a href=\"https:\/\/drive.google.com\/file\/d\/1hDT0PdS2-NEEhJfgMgyx6pMg46adK9h4\/view?usp=sharing\"><img loading=\"lazy\" decoding=\"async\" width=\"125\" height=\"162\" class=\"alignnone wp-image-38529\" src=\"https:\/\/cargad.com\/wp-content\/uploads\/2017\/05\/MDNR-Imperio-portada.jpg\" alt=\"\"><\/a><\/figure><\/td><td>Versi\u00f3n 2025.11<\/td><\/tr><tr><td>Mercenarios<\/td><td><figure><a href=\"https:\/\/mdnr.page.link\/me2023\"><img loading=\"lazy\" decoding=\"async\" width=\"125\" height=\"162\" class=\"alignnone wp-image-45289\" src=\"https:\/\/cargad.com\/wp-content\/uploads\/2019\/01\/MDNRME_portada_mini.jpg\" alt=\"\"><\/a><\/figure><\/td><td>Versi\u00f3n 2023.02<br><br>(<a href=\"https:\/\/cargad.com\/index.php\/2023\/02\/26\/manuscritos-de-nuth-mercenarios-reglas-experimentales\/\" target=\"_blank\" rel=\"noopener\">Consulta aqu\u00ed Reglas Experimentales<\/a>)<\/td><\/tr><tr><td>Orcos y Goblins<\/td><td><figure><a href=\"https:\/\/drive.google.com\/file\/d\/1kUD3-JpaNeediYzrMEalbN8CrgmAx39C\/view?usp=sharing\" target=\"_blank\" rel=\"noreferrer noopener\"><img loading=\"lazy\" decoding=\"async\" width=\"125\" height=\"163\" class=\"alignnone wp-image-40265\" src=\"https:\/\/cargad.com\/wp-content\/uploads\/2008\/05\/MDNROG-Portada.jpg\" alt=\"\"><\/a><\/figure><\/td><td>Versi\u00f3n 2025.05<\/td><\/tr><tr><td>Regimientos de Renombre<\/td><td><figure><a href=\"https:\/\/drive.google.com\/file\/d\/1a8y5BVI-rEkGNTjOXnFO4q4GBucF3LGn\/view?usp=sharing\"><img loading=\"lazy\" decoding=\"async\" width=\"125\" height=\"162\" class=\"alignnone wp-image-45289\" src=\"https:\/\/cargad.com\/wp-content\/uploads\/2018\/11\/MDNRRR.jpg\" alt=\"\"><a href=\"https:\/\/mdnr.page.link\/rr2022\" target=\"_blank\" rel=\"noreferrer noopener\"><\/a><\/a><\/figure><\/td><td>Versi\u00f3n 2026.03<\/td><\/tr><tr><td>Reino del Caos<\/td><td><figure><a href=\"https:\/\/drive.google.com\/file\/d\/1sR0WDIU_0zmnbDb1ojGiq33DvdaYvqWl\/view?usp=sharing\" target=\"_blank\" rel=\"noreferrer noopener\"><img loading=\"lazy\" decoding=\"async\" width=\"125\" height=\"162\" class=\"alignnone wp-image-45289\" src=\"https:\/\/cargad.com\/wp-content\/uploads\/2008\/05\/MDNRRCM.jpg\" alt=\"\"> <\/a><\/figure><\/td><td>Versi\u00f3n 2025.08<\/td><\/tr><tr><td>Reino del Caos: Paladines<\/td><td><figure><a href=\"https:\/\/drive.google.com\/file\/d\/1_Bt-SpSEcWlFdYaJ3pzwyX1q6RzMYM0q\/view\" target=\"_blank\" rel=\"noreferrer noopener\"><img loading=\"lazy\" decoding=\"async\" width=\"125\" height=\"162\" class=\"alignnone wp-image-45289\" src=\"https:\/\/cargad.com\/wp-content\/uploads\/2021\/12\/mdn_rcp.jpg\" alt=\"\"><\/a><a href=\"https:\/\/mdnr.page.link\/rcp\" target=\"_blank\" rel=\"noreferrer noopener\"> <\/a><\/figure><\/td><td>Versi\u00f3n 2025.10<\/td><\/tr><tr><td>Reinos Ogros<\/td><td><figure><a href=\"https:\/\/drive.google.com\/file\/d\/1ULslWwEhGlwDkCYMkyPnWqQ-XNI1l57f\/view?usp=sharing\" target=\"_blank\" rel=\"noreferrer noopener\"><img loading=\"lazy\" decoding=\"async\" width=\"125\" height=\"162\" class=\"alignnone wp-image-45289\" src=\"https:\/\/cargad.com\/wp-content\/uploads\/2018\/03\/MDNR-Ogros-portada.jpg\" alt=\"\"><\/a><\/figure><\/td><td>Versi\u00f3n 2025.06<\/td><\/tr><tr><td>Reyes Funerarios<\/td><td><figure><a href=\"https:\/\/drive.google.com\/file\/d\/1-ivdawh7KyONOo3x5H6WchT3iXALijSm\/view?usp=sharing\" target=\"_blank\" rel=\"noreferrer noopener\"><img loading=\"lazy\" decoding=\"async\" width=\"125\" height=\"162\" class=\"alignnone wp-image-45289\" src=\"https:\/\/cargad.com\/wp-content\/uploads\/2018\/05\/MDNRRF_portada.jpg\" alt=\"\"><\/a><\/figure><\/td><td>Versi\u00f3n 2025.04<\/td><\/tr><tr><td>Skavens<\/td><td><figure><a href=\"https:\/\/drive.google.com\/file\/d\/15Hhqof0bYXlMbnFuI1vcBj0wFRNvdra3\/view?usp=sharing\"><img loading=\"lazy\" decoding=\"async\" width=\"125\" height=\"162\" class=\"alignnone wp-image-45289\" src=\"https:\/\/cargad.com\/wp-content\/uploads\/2018\/07\/MDNR_SK_Portada_baja.jpg\" alt=\"\"><\/a><\/figure><\/td><td>Versi\u00f3n 2026.01<\/td><\/tr><\/tbody><\/table><\/figure>\n\n\n\n<h1 class=\"wp-block-heading\">MdN Versi\u00f3n beta<\/h1>\n\n\n\n<p><a href=\"https:\/\/docs.google.com\/document\/d\/1aYqVGyHPeKrXttZ6FL6Xbn4W17Xs8we7uqLhJquAjDg\/edit?usp=sharing\">No Muertos Cl\u00e1sicos<\/a><\/p>\n\n\n\n<h1 class=\"wp-block-heading\">Manuscritos de Nuth originales (2002-2005)<\/h1>\n\n\n\n<p><a href=\"https:\/\/cargad.com\/mdn\/pdf\/MDN-Principal.pdf\">Principal<\/a><br><a href=\"https:\/\/cargad.com\/mdn\/pdf\/MDN-Tactics.pdf\">T\u00e1cticas<\/a><\/p>\n\n\n\n<p><a href=\"https:\/\/cargad.com\/wp-content\/uploads\/2008\/05\/MDN-PinturaEscultura.pdf\">Pintura y Escultura<\/a><\/p>\n\n\n\n<p><a href=\"https:\/\/cargad.com\/mdn\/pdf\/MDN-AltosElfos.pdf\">Altos Elfos<\/a><br><a href=\"https:\/\/cargad.com\/mdn\/pdf\/MDN-Bretonia.pdf\">Bretonia<\/a><br><a href=\"https:\/\/cargad.com\/mdn\/pdf\/MDN-Caos.pdf\">Caos<\/a><br><a href=\"https:\/\/cargad.com\/mdn\/pdf\/MDN-CondesVampiro.pdf\">Condes Vampiro<\/a><br><a href=\"https:\/\/cargad.com\/mdn\/pdf\/MDN-ElfosOscuros.pdf\">Elfos Oscuros<\/a><br><a href=\"https:\/\/cargad.com\/mdn\/pdf\/MDN-Enanos.pdf\">Enanos<\/a><br><a href=\"https:\/\/cargad.com\/mdn\/pdf\/MDN-EnanosCaos.pdf\">Enanos del Caos<\/a><br><a href=\"https:\/\/cargad.com\/mdn\/pdf\/MDN-Estalia.pdf\">Estalia<\/a><br><a href=\"https:\/\/cargad.com\/mdn\/pdf\/MDN-HombresLagarto.pdf\">Hombres Lagarto<\/a><br><a href=\"https:\/\/cargad.com\/mdn\/pdf\/MDN-Imperio.pdf\">Imperio<\/a><br><a href=\"https:\/\/cargad.com\/mdn\/pdf\/MDN-Khemri.pdf\">Khemri<\/a><br><a href=\"https:\/\/cargad.com\/mdn\/pdf\/MDN-Kislev.pdf\">Kislev<\/a><br><a href=\"https:\/\/cargad.com\/mdn\/pdf\/MDN-Mercenarios.pdf\">Mercenarios<\/a><br><a href=\"https:\/\/cargad.com\/mdn\/pdf\/MDN-OrcosGoblins.pdf\">Orcos y Goblins<\/a><br><a href=\"https:\/\/cargad.com\/mdn\/pdf\/MDN-Skavens.pdf\">Skavens<\/a><\/p>\n","protected":false},"excerpt":{"rendered":"<p>En esta p\u00e1gina pod\u00e9is consultar el Reglamento de Sexta anotado. Aqu\u00ed pod\u00e9is encontrar los Escenarios que hemos ido publicando para Warhammer. Warhammer Sexta Edici\u00f3n En la Gu\u00eda del Coleccionista pod\u00e9is conseguir el Reglamento de Sexta y todo lo que apareci\u00f3 <a class=\"more-link\" href=\"https:\/\/cargad.com\/index.php\/manuscritos-de-nuth\/\">Seguir leyendo <span class=\"screen-reader-text\">  Manuscritos de Nuth<\/span><span class=\"meta-nav\">&rarr;<\/span><\/a><\/p>\n","protected":false},"author":2,"featured_media":0,"parent":0,"menu_order":1,"comment_status":"open","ping_status":"open","template":"","meta":{"om_disable_all_campaigns":false,"_monsterinsights_skip_tracking":false,"_monsterinsights_sitenote_active":false,"_monsterinsights_sitenote_note":"","_monsterinsights_sitenote_category":0,"footnotes":""},"class_list":["post-72","page","type-page","status-publish","hentry"],"jetpack_sharing_enabled":true,"jetpack_likes_enabled":true,"_links":{"self":[{"href":"https:\/\/cargad.com\/index.php\/wp-json\/wp\/v2\/pages\/72","targetHints":{"allow":["GET"]}}],"collection":[{"href":"https:\/\/cargad.com\/index.php\/wp-json\/wp\/v2\/pages"}],"about":[{"href":"https:\/\/cargad.com\/index.php\/wp-json\/wp\/v2\/types\/page"}],"author":[{"embeddable":true,"href":"https:\/\/cargad.com\/index.php\/wp-json\/wp\/v2\/users\/2"}],"replies":[{"embeddable":true,"href":"https:\/\/cargad.com\/index.php\/wp-json\/wp\/v2\/comments?post=72"}],"version-history":[{"count":136,"href":"https:\/\/cargad.com\/index.php\/wp-json\/wp\/v2\/pages\/72\/revisions"}],"predecessor-version":[{"id":102279,"href":"https:\/\/cargad.com\/index.php\/wp-json\/wp\/v2\/pages\/72\/revisions\/102279"}],"wp:attachment":[{"href":"https:\/\/cargad.com\/index.php\/wp-json\/wp\/v2\/media?parent=72"}],"curies":[{"name":"wp","href":"https:\/\/api.w.org\/{rel}","templated":true}]}}