{"id":73520,"date":"2021-04-26T07:53:30","date_gmt":"2021-04-26T06:53:30","guid":{"rendered":"https:\/\/cargad.com\/?page_id=73520"},"modified":"2022-08-28T16:12:10","modified_gmt":"2022-08-28T15:12:10","slug":"wh6-reglamento-anotado","status":"publish","type":"page","link":"https:\/\/cargad.com\/index.php\/wh6-reglamento-anotado\/","title":{"rendered":"WH6: Reglamento Anotado"},"content":{"rendered":"\n<figure class=\"wp-block-image size-large\"><img loading=\"lazy\" decoding=\"async\" width=\"647\" height=\"904\" src=\"https:\/\/cargad.com\/wp-content\/uploads\/2021\/04\/Warhammer-6-wh6-portada.jpg\" alt=\"\" class=\"wp-image-73521\" srcset=\"https:\/\/cargad.com\/wp-content\/uploads\/2021\/04\/Warhammer-6-wh6-portada.jpg 647w, https:\/\/cargad.com\/wp-content\/uploads\/2021\/04\/Warhammer-6-wh6-portada-215x300.jpg 215w, https:\/\/cargad.com\/wp-content\/uploads\/2021\/04\/Warhammer-6-wh6-portada-107x150.jpg 107w\" sizes=\"auto, (max-width: 647px) 100vw, 647px\" \/><\/figure>\n\n\n\n<p>Esta es la p\u00e1gina \u00edndice de la cual cuelga todo el Reglamento de Sexta Anotado.<\/p>\n\n\n\n<h2 class=\"wp-block-heading\">Introducci\u00f3n<\/h2>\n\n\n\n<ul class=\"wp-block-list\"><li><a href=\"https:\/\/cargad.com\/index.php\/wh6-reglamento-anotado-introduccion\/\">La mesa de juego<\/a><\/li><li><a href=\"https:\/\/cargad.com\/index.php\/wh6-reglamento-anotado-introduccion\/\">Material necesario<\/a><\/li><li><a href=\"https:\/\/cargad.com\/index.php\/wh6-reglamento-anotado-introduccion\/\">Reglas importantes a tener en cuenta<\/a><\/li><li><a href=\"https:\/\/cargad.com\/index.php\/wh6-reglamento-anotado-introduccion\/\">C\u00f3mo tirar los dados<\/a><\/li><\/ul>\n\n\n\n<h2 class=\"wp-block-heading\">Atributos<\/h2>\n\n\n\n<ul class=\"wp-block-list\"><li><a href=\"https:\/\/cargad.com\/index.php\/wh6-reglamento-anotado-atributos\/\">Atributos<\/a>.<\/li><\/ul>\n\n\n\n<h2 class=\"wp-block-heading\">Unidades<\/h2>\n\n\n\n<ul class=\"wp-block-list\"><li><a href=\"https:\/\/cargad.com\/index.php\/2021\/04\/28\/manuscritos-de-nuth-wh6-reglamento-anotado-3-unidades-1-formacion-potencia-de-unidad-encaramiento-linea-de-vision\/\">Formaci\u00f3n de las unidades<\/a>.<\/li><li><a href=\"https:\/\/cargad.com\/index.php\/2021\/04\/28\/manuscritos-de-nuth-wh6-reglamento-anotado-3-unidades-1-formacion-potencia-de-unidad-encaramiento-linea-de-vision\/\">Representaci\u00f3n de armas y equipos<\/a><\/li><li><a href=\"https:\/\/cargad.com\/index.php\/2021\/04\/28\/manuscritos-de-nuth-wh6-reglamento-anotado-3-unidades-1-formacion-potencia-de-unidad-encaramiento-linea-de-vision\/\">Grupo de mando<\/a><\/li><li><a href=\"https:\/\/cargad.com\/index.php\/2021\/04\/28\/manuscritos-de-nuth-wh6-reglamento-anotado-3-unidades-1-formacion-potencia-de-unidad-encaramiento-linea-de-vision\/\">PU: Potencia de Unidad<\/a>.<\/li><li><a href=\"https:\/\/cargad.com\/index.php\/2021\/04\/28\/manuscritos-de-nuth-wh6-reglamento-anotado-3-unidades-1-formacion-potencia-de-unidad-encaramiento-linea-de-vision\/\">Encaramiento<\/a>.<\/li><li><a href=\"https:\/\/cargad.com\/index.php\/2021\/04\/28\/manuscritos-de-nuth-wh6-reglamento-anotado-3-unidades-1-formacion-potencia-de-unidad-encaramiento-linea-de-vision\/\">L\u00ednea de visi\u00f3n<\/a>.<\/li><li><a href=\"https:\/\/cargad.com\/index.php\/2021\/04\/29\/manuscritos-de-nuth-wh6-reglamento-anotado-3-unidades-y-2-tipos-de-unidad\/\">Tipos de unidad<\/a><\/li><li><a href=\"https:\/\/cargad.com\/index.php\/2021\/04\/29\/manuscritos-de-nuth-wh6-reglamento-anotado-3-unidades-y-2-tipos-de-unidad\/\">Tama\u00f1o de peanas<\/a><\/li><\/ul>\n\n\n\n<h2 class=\"wp-block-heading\">Preparaci\u00f3n de la Batalla<\/h2>\n\n\n\n<ul class=\"wp-block-list\"><li><a href=\"https:\/\/cargad.com\/index.php\/2021\/04\/30\/manuscritos-de-nuth-wh6-reglamento-anotado-5-la-batalla\/\">Preparaci\u00f3n de la batalla<\/a><\/li><\/ul>\n\n\n\n<h2 class=\"wp-block-heading\">El turno<\/h2>\n\n\n\n<ul class=\"wp-block-list\"><li><a href=\"https:\/\/cargad.com\/index.php\/2021\/05\/01\/manuscritos-de-nuth-wh6-reglamento-anotado-6-el-turno-fase-de-inicio-de-turno\/\">El turno<\/a><\/li><\/ul>\n\n\n\n<h2 class=\"wp-block-heading\">Fase de inicio de turno<\/h2>\n\n\n\n<ul class=\"wp-block-list\"><li><a href=\"https:\/\/cargad.com\/index.php\/2021\/05\/01\/manuscritos-de-nuth-wh6-reglamento-anotado-6-el-turno-fase-de-inicio-de-turno\/\">Fase de Inicio de Turno en un vistazo<\/a><\/li><li><a href=\"https:\/\/cargad.com\/index.php\/2021\/05\/01\/manuscritos-de-nuth-wh6-reglamento-anotado-6-el-turno-fase-de-inicio-de-turno\/\">El inicio de turno<\/a><\/li><li><a href=\"https:\/\/cargad.com\/index.php\/2021\/05\/01\/manuscritos-de-nuth-wh6-reglamento-anotado-6-el-turno-fase-de-inicio-de-turno\/\">Chequeos de p\u00e1nico de inicio de turno<\/a><\/li><li><a href=\"https:\/\/cargad.com\/index.php\/2021\/05\/01\/manuscritos-de-nuth-wh6-reglamento-anotado-6-el-turno-fase-de-inicio-de-turno\/\">Chequeos de terror al inicio de turno<\/a><\/li><li><a href=\"https:\/\/cargad.com\/index.php\/2021\/05\/01\/manuscritos-de-nuth-wh6-reglamento-anotado-6-el-turno-fase-de-inicio-de-turno\/\">Chequeos de estupidez al inicio de turno<\/a><\/li><li><a href=\"https:\/\/cargad.com\/index.php\/2021\/05\/01\/manuscritos-de-nuth-wh6-reglamento-anotado-6-el-turno-fase-de-inicio-de-turno\/\">Resto de efectos y tiradas de inicio de turno<\/a><\/li><\/ul>\n\n\n\n<h2 class=\"wp-block-heading\">Fase de Movimiento<\/h2>\n\n\n\n<ul class=\"wp-block-list\"><li><a href=\"https:\/\/cargad.com\/index.php\/2021\/05\/02\/manuscritos-de-nuth-wh6-reglamento-anotado-7-fase-de-movimiento-1-en-un-vistazo\/\">Fase de movimiento en un vistazo<\/a><\/li><li><a href=\"https:\/\/cargad.com\/index.php\/2021\/05\/03\/manuscritos-de-nuth-wh6-reglamento-anotado-8-fase-de-movimiento-2-subfase-de-declaracion-de-cargas\/\">Subfase de Declaraci\u00f3n de Cargas<\/a><\/li><li><a href=\"https:\/\/cargad.com\/index.php\/2021\/05\/04\/manuscritos-de-nuth-wh6-reglamento-anotado-9-fase-de-movimiento-3-subfase-de-reagrupar-tropas-que-huyen\/\">Subfase de Reagrupar tropas que huyen<\/a><\/li><li><a href=\"https:\/\/cargad.com\/index.php\/2021\/05\/05\/manuscritos-de-nuth-wh6-reglamento-anotado-10-fase-de-movimiento-4-subfase-de-movimientos-obligatorios\/\">Subfase de Movimientos Obligatorios<\/a><\/li><li><a href=\"https:\/\/cargad.com\/index.php\/2021\/05\/06\/manuscritos-de-nuth-wh6-reglamento-anotado-11-fase-de-movimiento-5-subfase-de-movimientos-de-las-tropas-que-cargan\/\">Subfase de Movimientos de las Tropas que cargan<\/a><\/li><li><a href=\"https:\/\/cargad.com\/index.php\/2021\/05\/07\/manuscritos-de-nuth-wh6-reglamento-anotado-12-fase-de-movimiento-6-resto-de-movimientos\/\">Subfase de Resto de Movimientos<\/a><\/li><li><a href=\"https:\/\/cargad.com\/index.php\/2021\/05\/08\/manuscritos-de-nuth-wh6-reglamento-anotado-13-fase-de-movimiento-7-marcha\/\">Marcha<\/a><\/li><li><a href=\"https:\/\/cargad.com\/index.php\/2021\/05\/09\/manuscritos-de-nuth-wh6-reglamento-anotado-14-fase-de-movimiento-y-8-terreno-y-movimiento\/\">Terreno y movimiento<\/a><\/li><\/ul>\n\n\n\n<h2 class=\"wp-block-heading\">Fase de Magia<\/h2>\n\n\n\n<ul class=\"wp-block-list\"><li><a href=\"https:\/\/cargad.com\/index.php\/2021\/05\/10\/manuscritos-de-nuth-wh6-reglamento-anotado-15-fase-de-magia-1-introduccion-y-fase-de-magia-en-un-vistazo\/#mobile-header-left-nav\">Fase de Magia en un vistazo<\/a><\/li><li><a href=\"https:\/\/cargad.com\/index.php\/2021\/05\/11\/manuscritos-de-nuth-wh6-reglamento-anotado-16-fase-de-magia-2-hechiceros\/\">Hechiceros<\/a><\/li><li><a href=\"https:\/\/cargad.com\/index.php\/2021\/05\/12\/manuscritos-de-nuth-wh6-reglamento-anotado-17-fase-de-magia-3-hechizos\/\">Hechizos<\/a><\/li><li><a href=\"https:\/\/cargad.com\/index.php\/2021\/05\/13\/manuscritos-de-nuth-wh6-reglamento-anotado-18-fase-de-magia-4-dados-de-magia\/\">Dados de magia y dispersi\u00f3n<\/a><\/li><li><a href=\"https:\/\/cargad.com\/index.php\/2021\/05\/14\/manuscritos-de-nuth-wh6-reglamento-anotado-19-fase-de-magia-5-quien-puede-lanzar-hechizos\/\">\u00bfQui\u00e9n puede lanzar hechizos?<\/a><\/li><li><a href=\"https:\/\/cargad.com\/index.php\/2021\/05\/15\/manuscritos-de-nuth-wh6-reglamento-anotado-20-fase-de-magia-6-lanzamiento-y-dispersion-de-hechizos\/\">Lanzamiento y dispersi\u00f3n de hechizos<\/a><\/li><li><a href=\"https:\/\/cargad.com\/index.php\/2021\/05\/16\/manuscritos-de-nuth-wh6-reglamento-anotado-21-fase-de-magia-y-7-tipos-de-hechizos\/\">Tipos de hechizos<\/a><\/li><\/ul>\n\n\n\n<h2 class=\"wp-block-heading\">Fase de Disparo<\/h2>\n\n\n\n<ul class=\"wp-block-list\"><li><a href=\"https:\/\/cargad.com\/index.php\/2021\/05\/17\/manuscritos-de-nuth-wh6-reglamento-anotado-22-fase-de-disparo-1-introduccion-fase-de-disparo-en-un-vistazo-y-quien-puede-disparar\/\">Fase de Disparo en un vistazo<\/a><\/li><li><a href=\"https:\/\/cargad.com\/index.php\/2021\/05\/17\/manuscritos-de-nuth-wh6-reglamento-anotado-22-fase-de-disparo-1-introduccion-fase-de-disparo-en-un-vistazo-y-quien-puede-disparar\/\">Qui\u00e9n puede disparar<\/a><\/li><li><a href=\"https:\/\/cargad.com\/index.php\/2021\/05\/18\/manuscritos-de-nuth-wh6-reglamento-anotado-23-fase-de-disparo-2-donde-se-puede-disparar\/\">D\u00f3nde se puede disparar<\/a><\/li><li><a href=\"https:\/\/cargad.com\/index.php\/2021\/05\/19\/manuscritos-de-nuth-wh6-reglamento-anotado-24-fase-de-disparo-3-disparo-con-estimacion\/\">Disparo con estimaci\u00f3n<\/a><\/li><li><a href=\"https:\/\/cargad.com\/index.php\/2021\/05\/20\/manuscritos-de-nuth-wh6-reglamento-anotado-25-fase-de-disparo-4-disparo-de-proyectiles-sin-estimacion\/\">Disparo de proyectiles (sin estimaci\u00f3n)<\/a><\/li><li><a href=\"https:\/\/cargad.com\/index.php\/2021\/05\/21\/manuscritos-de-nuth-wh6-reglamento-anotado-26-fase-de-disparo-y-5-herir-tirada-de-salvacion-y-retirada-de-bajas\/\">Herir<\/a><\/li><li><a href=\"https:\/\/cargad.com\/index.php\/2021\/05\/21\/manuscritos-de-nuth-wh6-reglamento-anotado-26-fase-de-disparo-y-5-herir-tirada-de-salvacion-y-retirada-de-bajas\/\">Tirada de salvaci\u00f3n<\/a><\/li><li><a href=\"https:\/\/cargad.com\/index.php\/2021\/05\/21\/manuscritos-de-nuth-wh6-reglamento-anotado-26-fase-de-disparo-y-5-herir-tirada-de-salvacion-y-retirada-de-bajas\/\">Retirada de bajas<\/a><\/li><\/ul>\n\n\n\n<h2 class=\"wp-block-heading\">Fase de Combate<\/h2>\n\n\n\n<ul class=\"wp-block-list\"><li><a href=\"https:\/\/cargad.com\/index.php\/2021\/05\/24\/manuscritos-de-nuth-wh6-reglamento-anotado-27-fase-de-combate-1-introduccion-en-un-vistazo\/\">Fase de Combate en un vistazo<\/a><\/li><li><a href=\"https:\/\/cargad.com\/index.php\/2021\/05\/25\/manuscritos-de-nuth-wh6-reglamento-anotado-28-fase-de-combate-2-combate-entre-unidades\/\">Combate entre unidades<\/a><\/li><li><a href=\"https:\/\/cargad.com\/index.php\/2021\/05\/28\/manuscritos-de-nuth-wh6-reglamento-anotado-29-fase-de-combate-3-resolucion-de-combate\/\">Resoluci\u00f3n de combate<\/a><\/li><li><a href=\"https:\/\/cargad.com\/index.php\/2021\/05\/31\/manuscritos-de-nuth-wh6-reglamento-anotado-30-fase-de-combate-4-chequeos-de-desmoralizacion-y-chequeos-de-panico\/\">Chequeos de Desmoralizaci\u00f3n<\/a><\/li><li><a href=\"https:\/\/cargad.com\/index.php\/2021\/05\/31\/manuscritos-de-nuth-wh6-reglamento-anotado-30-fase-de-combate-4-chequeos-de-desmoralizacion-y-chequeos-de-panico\/\">Chequeos de p\u00e1nico por unidades desmoralizadas<\/a><\/li><li><a href=\"https:\/\/cargad.com\/index.php\/2021\/06\/01\/manuscritos-de-nuth-wh6-reglamento-anotado-31-fase-de-combate-5-huida\/\">Huida<\/a><\/li><li><a href=\"https:\/\/cargad.com\/index.php\/2021\/06\/02\/manuscritos-de-nuth-wh6-reglamento-anotado-32-fase-de-combate-6-persecucion\/\">Persecuci\u00f3n<\/a><\/li><li><a href=\"https:\/\/cargad.com\/index.php\/2021\/06\/03\/manuscritos-de-nuth-wh6-reglamento-anotado-33-fase-de-combate-7-arrasamiento\/\">Arrasamiento<\/a><\/li><li><a href=\"https:\/\/cargad.com\/index.php\/2021\/06\/04\/manuscritos-de-nuth-wh6-reglamento-anotado-34-fase-de-combate-y-8-ordenar-filas\/\">Ordenar filas<\/a><\/li><\/ul>\n\n\n\n<h2 class=\"wp-block-heading\">Psicolog\u00eda<\/h2>\n\n\n\n<ul class=\"wp-block-list\"><li><a href=\"https:\/\/cargad.com\/index.php\/2021\/06\/07\/manuscritos-de-nuth-wh6-reglamento-anotado-35-piscologia-1-el-chequeo-de-psicologia\/\">El chequeo de psicolog\u00eda<\/a><\/li><li><a href=\"https:\/\/cargad.com\/index.php\/2021\/06\/08\/manuscritos-de-nuth-wh6-reglamento-anotado-36-psicologia-2-panico\/\">P\u00e1nico<\/a><\/li><li><a href=\"https:\/\/cargad.com\/index.php\/2021\/06\/09\/manuscritos-de-nuth-wh6-reglamento-anotado-37-psicologia-3-miedo\/\">Miedo<\/a><\/li><li><a href=\"https:\/\/cargad.com\/index.php\/2021\/06\/10\/manuscritos-de-nuth-wh6-reglamento-anotado-38-psicologia-4-terror\/\">Terror<\/a><\/li><li><a href=\"https:\/\/cargad.com\/index.php\/2021\/06\/11\/manuscritos-de-nuth-wh6-reglamento-anotado-39-psicologia-5-estupidez\/\">Estupidez<\/a><\/li><li><a href=\"https:\/\/cargad.com\/index.php\/2021\/06\/12\/manuscritos-de-nuth-wh6-reglamento-anotado-40-psicologia-6-furia-asesina\/\">Furia Asesina<\/a><\/li><li><a href=\"https:\/\/cargad.com\/index.php\/2021\/06\/13\/manuscritos-de-nuth-wh6-reglamento-anotado-40-psicologia-y-7-odio-tozudez\/\">Odio<\/a><\/li><li><a href=\"https:\/\/cargad.com\/index.php\/2021\/06\/13\/manuscritos-de-nuth-wh6-reglamento-anotado-40-psicologia-y-7-odio-tozudez\/\">Tozudez<\/a><\/li><\/ul>\n\n\n\n<h2 class=\"wp-block-heading\">Armas y equipo<\/h2>\n\n\n\n<ul class=\"wp-block-list\"><li><a href=\"https:\/\/cargad.com\/index.php\/2021\/06\/14\/manuscritos-de-nuth-wh6-reglamento-anotado-41-armas-de-combate-cuerpo-a-cuerpo\/\">Armas de combate cuerpo a cuerpo<\/a><\/li><li><a href=\"https:\/\/cargad.com\/index.php\/2021\/06\/18\/manuscritos-de-nuth-wh6-reglamento-anotado-42-armas-de-proyectiles\/\">Armas de proyectiles<\/a><\/li><\/ul>\n\n\n\n<h2 class=\"wp-block-heading\">Grupo de Mando<\/h2>\n\n\n\n<ul class=\"wp-block-list\"><li><a href=\"https:\/\/cargad.com\/index.php\/2021\/06\/21\/manuscritos-de-nuth-wh6-reglamento-anotado-43-grupo-de-mando\/\">Grupo de mando<\/a><\/li><\/ul>\n\n\n\n<h2 class=\"wp-block-heading\">Objetos m\u00e1gicos<\/h2>\n\n\n\n<ul class=\"wp-block-list\"><li><a href=\"https:\/\/cargad.com\/index.php\/2021\/06\/23\/manuscritos-de-nuth-wh6-reglamento-anotado-44-objetos-magicos\/\">Objetos m\u00e1gicos<\/a><\/li><li><a href=\"https:\/\/cargad.com\/index.php\/2021\/06\/23\/manuscritos-de-nuth-wh6-reglamento-anotado-44-objetos-magicos\/\">Objetos portahechizos<\/a><\/li><li><a href=\"https:\/\/cargad.com\/index.php\/2021\/06\/23\/manuscritos-de-nuth-wh6-reglamento-anotado-44-objetos-magicos\/\">Objetos m\u00e1gicos comunes<\/a><\/li><\/ul>\n\n\n\n<h2 class=\"wp-block-heading\">Personajes<\/h2>\n\n\n\n<ul class=\"wp-block-list\"><li><a href=\"https:\/\/cargad.com\/index.php\/2021\/07\/05\/manuscritos-de-nuth-wh6-reglamento-anotado-45-personajes-1-general-y-portaestandarte-de-batalla\/\">Personajes <\/a><\/li><li><a href=\"https:\/\/cargad.com\/index.php\/2021\/07\/05\/manuscritos-de-nuth-wh6-reglamento-anotado-45-personajes-1-general-y-portaestandarte-de-batalla\/\">Personajes especiales<\/a><\/li><li><a href=\"https:\/\/cargad.com\/index.php\/2021\/07\/05\/manuscritos-de-nuth-wh6-reglamento-anotado-45-personajes-1-general-y-portaestandarte-de-batalla\/\">El General<\/a><\/li><li><a href=\"https:\/\/cargad.com\/index.php\/2021\/07\/05\/manuscritos-de-nuth-wh6-reglamento-anotado-45-personajes-1-general-y-portaestandarte-de-batalla\/\">Portaestandarte de Batalla<\/a><\/li><li><a href=\"https:\/\/cargad.com\/index.php\/2021\/07\/07\/manuscritos-de-nuth-wh6-reglamento-anotado-46-personajes-2-personajes-como-unidades-independientes-y-personajes-montados\/\"><span style=\"font-size: 15px;\">Personajes como unidades independientes<\/span><\/a><\/li><li><a href=\"https:\/\/cargad.com\/index.php\/2021\/07\/07\/manuscritos-de-nuth-wh6-reglamento-anotado-46-personajes-2-personajes-como-unidades-independientes-y-personajes-montados\/\">Personajes montados<\/a><\/li><li><a href=\"https:\/\/cargad.com\/index.php\/2021\/07\/09\/manuscritos-de-nuth-wh6-reglamento-anotado-47-personajes-3-personajes-integrados-en-unidades\/#mobile-header-left-nav\">Personajes integrados en unidades<\/a><\/li><li><a href=\"https:\/\/cargad.com\/index.php\/2021\/07\/12\/manuscritos-de-nuth-wh6-reglamento-anotado-48-personajes-4-personajes-y-disparo\/#mobile-header-left-nav\">Personajes y disparo<\/a><\/li><li><a href=\"https:\/\/cargad.com\/index.php\/2021\/07\/13\/manuscritos-de-nuth-wh6-reglamento-anotado-49-personajes-5-personajes-y-combate\/\">Personajes y c<span style=\"font-size: 15px;\">ombate<\/span><\/a><\/li><li><a href=\"https:\/\/cargad.com\/index.php\/2021\/07\/13\/manuscritos-de-nuth-wh6-reglamento-anotado-49-personajes-5-personajes-y-combate\/\">Desaf\u00edos<\/a><\/li><li><a href=\"https:\/\/cargad.com\/index.php\/2021\/07\/14\/manuscritos-de-nuth-wh6-reglamento-anotado-50-personajes-y-6-personajes-y-psicologia\/\">Personajes y la psicolog\u00eda<\/a><\/li><\/ul>\n\n\n\n<h2 class=\"wp-block-heading\">Reglas Especiales<\/h2>\n\n\n\n<ul class=\"wp-block-list\"><li><a href=\"https:\/\/cargad.com\/index.php\/2021\/07\/16\/manuscritos-de-nuth-wh6-reglamento-anotado-51-reglas-especiales-1\/\">Reglas especiales<\/a>: Anfibio, Anula Armadura, Anula Un ataque, Arma de Aliento, Ataque rel\u00e1mpago, Combate con dos armas m\u00e1gicas, Cruzar, Dos personajes en una montura, Et\u00e9reo, Heridas m\u00faltiples, Impactos por carga, Inestable, Inmune a fr\u00edo, Inmune a desmoralizaci\u00f3n, Inmune a psicolog\u00eda, Movimiento aleatorio, Petrificar, Piel escamosa, Poder de penetraci\u00f3n, Resistencia a la magia, Sangre fr\u00eda, Unidad m\u00e1gica.<\/li><li><a href=\"https:\/\/cargad.com\/index.php\/2021\/07\/19\/manuscritos-de-nuth-wh6-reglamento-anotado-51-reglas-especiales-2-atacar-primero-y-ataca-en-ultimo-lugar\/\">Atacar Primero y Ataca en \u00faltimo lugar<\/a><\/li><li><a href=\"https:\/\/cargad.com\/index.php\/2021\/07\/22\/manuscritos-de-nuth-wh6-reglamento-anotado-52-reglas-especiales-2-ataques-flamigeros\/\">Ataques Flam\u00edgeros<\/a> (con Inmune a Ataques Flam\u00edgeros e Inflamable).<\/li><li><a href=\"https:\/\/cargad.com\/index.php\/2021\/07\/26\/manuscritos-de-nuth-wh6-reglamento-anotado-53-reglas-especiales-3-ataques-envenenados-y-golpe-letal\/\">Ataques Envenenados y Golpe Letal<\/a> (con Inmune a Ataques Envenenados e Inmune a Golpe Letal)<\/li><li><a href=\"https:\/\/cargad.com\/index.php\/2021\/07\/29\/manuscritos-de-nuth-wh6-reglamento-anotado-54-reglas-especiales-4-caballeria-rapida\/\">Caballer\u00eda r\u00e1pida<\/a><\/li><li><a href=\"https:\/\/cargad.com\/index.php\/2021\/08\/03\/manuscritos-de-nuth-wh6-reglamento-anotado-55-reglas-especiales-5-despliegues-especiales\/\">Despliegues especiales<\/a>: Despliegue Oculto, Exploradores, Salir desde abajo.<\/li><li><a href=\"https:\/\/cargad.com\/index.php\/2021\/08\/30\/manuscritos-de-nuth-wh6-reglamento-anotado-59-reglas-especiales-9-hostigadores\/\">Hostigadores<\/a><\/li><li><a href=\"https:\/\/cargad.com\/index.php\/2021\/08\/12\/manuscritos-de-nuth-wh6-reglamento-anotado-56-reglas-especiales-6-objetivo-grande-y-objetivo-pequeno\/\">Objetivo Grande y Objetivo Peque\u00f1o<\/a><\/li><li><a href=\"https:\/\/cargad.com\/index.php\/2021\/08\/19\/manuscritos-de-nuth-wh6-reglamento-anotado-57-reglas-especiales-7-regeneracion\/\">Regeneraci\u00f3n<\/a><\/li><li><a href=\"https:\/\/cargad.com\/index.php\/2021\/08\/26\/manuscritos-de-nuth-wh6-reglamento-anotado-58-reglas-especiales-8-volar\/\">Volar<\/a>, con Unidad Voladora y Caballer\u00eda Voladora.<\/li><\/ul>\n\n\n\n<h2 class=\"wp-block-heading\">Carros<\/h2>\n\n\n\n<ul class=\"wp-block-list\"><li><a href=\"https:\/\/cargad.com\/index.php\/2021\/09\/01\/manuscritos-de-nuth-wh6-reglamento-anotado-60-carros\/\">Carros<\/a><\/li><\/ul>\n\n\n\n<h2 class=\"wp-block-heading\">M\u00e1quinas de guerra<\/h2>\n\n\n\n<ul class=\"wp-block-list\"><li><a href=\"https:\/\/cargad.com\/index.php\/2021\/09\/02\/manuscritos-de-nuth-wh6-reglamento-anotado-61-maquinas-de-guerra-1-reglas-genericas\/\">Reglas generales de las m\u00e1quinas de guerra<\/a><\/li><li><a href=\"https:\/\/cargad.com\/index.php\/2021\/09\/03\/manuscritos-de-nuth-wh6-reglamento-anotado-62-maquinas-de-guerra-2-catapultas\/\">Catapulta<\/a><\/li><li><a href=\"https:\/\/cargad.com\/index.php\/2021\/09\/09\/manuscritos-de-nuth-wh6-reglamento-anotado-63-maquinas-de-guerra-3-canones\/\">Ca\u00f1\u00f3n<\/a><\/li><li><a href=\"https:\/\/cargad.com\/index.php\/2021\/09\/14\/manuscritos-de-nuth-wh6-reglamento-anotado-64-maquinas-de-guerra-4-lanzavirotes-y-otras-maquinas-de-guerra\/\">Lanzavirotes<\/a><\/li><li><a href=\"https:\/\/cargad.com\/index.php\/2021\/09\/14\/manuscritos-de-nuth-wh6-reglamento-anotado-64-maquinas-de-guerra-4-lanzavirotes-y-otras-maquinas-de-guerra\/\">Otras m\u00e1quinas de guerra<\/a><\/li><\/ul>\n\n\n\n<h2 class=\"wp-block-heading\">Escenograf\u00eda<\/h2>\n\n\n\n<ul class=\"wp-block-list\"><li><a href=\"https:\/\/cargad.com\/index.php\/2021\/09\/16\/manuscritos-de-nuth-wh6-reglamento-anotado-65-escenografia-1-colinas-y-bosques\/\">Colinas<\/a><\/li><li><a href=\"https:\/\/cargad.com\/index.php\/2021\/09\/16\/manuscritos-de-nuth-wh6-reglamento-anotado-65-escenografia-1-colinas-y-bosques\/\">Bosques<\/a><\/li><li><a href=\"https:\/\/cargad.com\/index.php\/2021\/09\/21\/manuscritos-de-nuth-wh6-reglamento-anotado-66-escenografia-2-elementos-acuaticos-ruinas-y-cultivos-y-obstaculos-lineales\/\">Elementos acu\u00e1ticos<\/a><\/li><li><a href=\"https:\/\/cargad.com\/index.php\/2021\/09\/21\/manuscritos-de-nuth-wh6-reglamento-anotado-66-escenografia-2-elementos-acuaticos-ruinas-y-cultivos-y-obstaculos-lineales\/\">Ruinas, cultivos y otros terrenos dif\u00edciles<\/a><\/li><li><a href=\"https:\/\/cargad.com\/index.php\/2021\/09\/21\/manuscritos-de-nuth-wh6-reglamento-anotado-66-escenografia-2-elementos-acuaticos-ruinas-y-cultivos-y-obstaculos-lineales\/\">Obst\u00e1culos lineales<\/a><\/li><li><a href=\"https:\/\/cargad.com\/index.php\/2021\/09\/28\/manuscritos-de-nuth-wh6-reglamento-anotado-67-escenografia-y-3-edificios\/\">Edificios<\/a><\/li><li><a href=\"https:\/\/cargad.com\/index.php\/2021\/09\/28\/manuscritos-de-nuth-wh6-reglamento-anotado-67-escenografia-y-3-edificios\/\">Otros elementos de escenograf\u00eda<\/a><\/li><li><a href=\"https:\/\/cargad.com\/index.php\/2021\/04\/30\/manuscritos-de-nuth-wh6-reglamento-anotado-5-la-batalla\/\">Colocaci\u00f3n de elementos de escenograf\u00eda<\/a><\/li><li><a href=\"https:\/\/cargad.com\/index.php\/2021\/11\/23\/manuscritos-de-nuth-wh6-reglamento-anotado-76-regiones-civilizadas\/\">Regiones civilizadas<\/a><\/li><li><a href=\"https:\/\/cargad.com\/index.php\/2021\/12\/01\/manuscritos-de-nuth-wh6-reglamento-anotado-77-regiones-salvajes\/\">Regiones salvajes<\/a><\/li><li><a href=\"https:\/\/cargad.com\/index.php\/2021\/12\/09\/manuscritos-de-nuth-wh6-reglamento-anotado-78-desiertos-del-caos\/\" target=\"_blank\" rel=\"noreferrer noopener\">Desiertos del Caos<\/a><\/li><li><a href=\"https:\/\/cargad.com\/index.php\/2021\/12\/22\/manuscritos-de-nuth-wh6-reglamento-anotado-79-reinos-elficos\/\">Reinos \u00e9lficos<\/a><\/li><li><a href=\"https:\/\/cargad.com\/index.php\/2021\/12\/29\/manuscritos-de-nuth-wh6-reglamento-anotado-80-regiones-montanosas\/\">Regiones monta\u00f1osas<\/a><\/li><li><a href=\"https:\/\/cargad.com\/index.php\/2022\/01\/11\/manuscritos-de-nuth-wh6-reglamento-anotado-81-desiertos\/\">Desiertos<\/a><\/li><li><a href=\"https:\/\/cargad.com\/index.php\/2022\/01\/18\/manuscritos-de-nuth-wh6-reglamento-anotado-82-junglas\/\">Jungla<\/a><\/li><\/ul>\n\n\n\n<h2 class=\"wp-block-heading\">Los Ocho Saberes de la Magia<\/h2>\n\n\n\n<ul class=\"wp-block-list\"><li><a href=\"https:\/\/cargad.com\/index.php\/2021\/10\/08\/manuscritos-de-nuth-wh6-reglamento-anotado-68-saberes-de-la-magia-1-saber-del-metal\/\">Saber del Metal<\/a><\/li><li><a href=\"https:\/\/cargad.com\/index.php\/2021\/10\/26\/manuscritos-de-nuth-wh6-reglamento-anotado-71-saberes-de-la-magia-4-saber-de-las-bestias\/\">Saber de las Bestias<\/a><\/li><li><a href=\"https:\/\/cargad.com\/index.php\/2021\/10\/14\/manuscritos-de-nuth-wh6-reglamento-anotado-69-saberes-de-la-magia-2-saber-del-fuego\/\">Saber del Fuego<\/a><\/li><li><a style=\"font-size: 15px;\" href=\"https:\/\/cargad.com\/index.php\/2021\/10\/29\/manuscritos-de-nuth-wh6-reglamento-anotado-72-saberes-de-la-magia-5-saber-de-los-cielos\/\">Saber de los Cielos<\/a><\/li><li><a href=\"https:\/\/cargad.com\/index.php\/2021\/11\/05\/manuscritos-de-nuth-wh6-reglamento-anotado-73-saberes-de-la-magia-6-saber-de-la-luz\/\">Saber de la Luz<\/a><\/li><li><a href=\"https:\/\/cargad.com\/index.php\/2021\/10\/19\/manuscritos-de-nuth-wh6-reglamento-anotado-70-saberes-de-la-magia-3-saber-de-las-sombras\/\">Saber de las Sombras<\/a><\/li><li><a href=\"https:\/\/cargad.com\/index.php\/2021\/11\/09\/manuscritos-de-nuth-wh6-reglamento-anotado-74-saberes-de-la-magia-7-saber-de-la-vida\/\">Saber de la Vida<\/a><\/li><li><a href=\"https:\/\/cargad.com\/index.php\/2021\/11\/15\/manuscritos-de-nuth-wh6-reglamento-anotado-75-saberes-de-la-magia-8-saber-de-la-muerte\/\">Saber de la Muerte<\/a><\/li><\/ul>\n\n\n\n<h2 class=\"wp-block-heading\">Partida b\u00e1sica: Batalla Campal<\/h2>\n\n\n\n<ul class=\"wp-block-list\"><li><a href=\"https:\/\/cargad.com\/index.php\/2022\/02\/22\/manuscritos-de-nuth-wh6-reglamento-anotado-83-batalla-campal\/\">Batalla campal<\/a><\/li><li>Puntos de victoria y vencedor de la batalla<\/li><\/ul>\n\n\n\n<h2 class=\"wp-block-heading\">Partida a tres jugadores<\/h2>\n\n\n\n<ul class=\"wp-block-list\"><li><a href=\"https:\/\/cargad.com\/index.php\/2022\/06\/08\/manuscritos-de-nuth-wh6-reglamento-anotado-84-batallas-a-tres-bandos\/\" target=\"_blank\" rel=\"noreferrer noopener\">Partida a tres jugadores<\/a><\/li><\/ul>\n","protected":false},"excerpt":{"rendered":"<p>Esta es la p\u00e1gina \u00edndice de la cual cuelga todo el Reglamento de Sexta Anotado. Introducci\u00f3n La mesa de juego Material necesario Reglas importantes a tener en cuenta C\u00f3mo tirar los dados Atributos Atributos. Unidades Formaci\u00f3n de las unidades. Representaci\u00f3n <a class=\"more-link\" href=\"https:\/\/cargad.com\/index.php\/wh6-reglamento-anotado\/\">Seguir leyendo <span class=\"screen-reader-text\">  WH6: Reglamento Anotado<\/span><span class=\"meta-nav\">&rarr;<\/span><\/a><\/p>\n","protected":false},"author":3,"featured_media":0,"parent":0,"menu_order":0,"comment_status":"closed","ping_status":"closed","template":"","meta":{"om_disable_all_campaigns":false,"_monsterinsights_skip_tracking":false,"_monsterinsights_sitenote_active":false,"_monsterinsights_sitenote_note":"","_monsterinsights_sitenote_category":0,"footnotes":""},"class_list":["post-73520","page","type-page","status-publish","hentry"],"jetpack_sharing_enabled":true,"jetpack_likes_enabled":true,"_links":{"self":[{"href":"https:\/\/cargad.com\/index.php\/wp-json\/wp\/v2\/pages\/73520","targetHints":{"allow":["GET"]}}],"collection":[{"href":"https:\/\/cargad.com\/index.php\/wp-json\/wp\/v2\/pages"}],"about":[{"href":"https:\/\/cargad.com\/index.php\/wp-json\/wp\/v2\/types\/page"}],"author":[{"embeddable":true,"href":"https:\/\/cargad.com\/index.php\/wp-json\/wp\/v2\/users\/3"}],"replies":[{"embeddable":true,"href":"https:\/\/cargad.com\/index.php\/wp-json\/wp\/v2\/comments?post=73520"}],"version-history":[{"count":92,"href":"https:\/\/cargad.com\/index.php\/wp-json\/wp\/v2\/pages\/73520\/revisions"}],"predecessor-version":[{"id":83239,"href":"https:\/\/cargad.com\/index.php\/wp-json\/wp\/v2\/pages\/73520\/revisions\/83239"}],"wp:attachment":[{"href":"https:\/\/cargad.com\/index.php\/wp-json\/wp\/v2\/media?parent=73520"}],"curies":[{"name":"wp","href":"https:\/\/api.w.org\/{rel}","templated":true}]}}