{"id":74004,"date":"2021-05-11T10:43:05","date_gmt":"2021-05-11T09:43:05","guid":{"rendered":"https:\/\/cargad.com\/?page_id=74004"},"modified":"2023-01-25T10:18:40","modified_gmt":"2023-01-25T09:18:40","slug":"escenarios-para-warhammer","status":"publish","type":"page","link":"https:\/\/cargad.com\/index.php\/escenarios-para-warhammer\/","title":{"rendered":"Escenarios para Warhammer"},"content":{"rendered":"\n<p>En esta p\u00e1gina pod\u00e9is encontrar los escenarios que iremos publicando para <strong>Warhammer<\/strong>. Estos escenarios ser\u00e1n recopilados \u00aben bonito\u00bb mucho m\u00e1s adelante en un MdN:Escenarios. Aunque est\u00e1n dise\u00f1ados con <strong>Warhammer <\/strong>6\u00aa Edici\u00f3n con Manuscritos de Nuth en mente, en la mayor\u00eda de casos es f\u00e1cil extrapolar estos escenarios a otros sistemas de juego (como&nbsp;<strong>WH8.5<\/strong>,&nbsp;<strong>Reforged<\/strong>,&nbsp;<strong>Kings of War<\/strong>&nbsp;o&nbsp;<strong>The Ninth Age<\/strong>).<\/p>\n\n\n\n<h2 class=\"wp-block-heading\">Escenarios 1 vs 1<\/h2>\n\n\n\n<ul class=\"wp-block-list\"><li><a href=\"https:\/\/cargad.com\/index.php\/2021\/10\/06\/warhammer-el-escenario-de-la-semana-asalto-a-la-caravana-im-vs-ro\/\">Asalto a la Caravana<\/a>. Este escenario recrea un asalto de parte de unos Ogros a una caravana imperial, donde descubrir\u00e1n los ca\u00f1ones para crear los Sueltafuego.<\/li><li><a href=\"https:\/\/cargad.com\/index.php\/2021\/09\/22\/warhammer-el-escenario-de-la-semana-asedio-de-ghrond-eo-vs-rcm\/\">Asedio de Ghrond<\/a>. En esta batalla, un ej\u00e9rcito Elfo Oscuro intenta aguantar el m\u00e1ximo de tiempo contra un ej\u00e9rcito del Caos. Da igual cu\u00e1ntas tropas sobrevivan; importa cu\u00e1nto tiempo sobreviven\u2026<\/li><li><a href=\"https:\/\/cargad.com\/index.php\/2022\/01\/26\/warhammer-el-escenario-de-la-semana-batalla-de-la-caida-del-cielo-br-vs-rcd\/\">Batalla de la ca\u00edda del cielo<\/a>. Esta batalla representa la lluvia de demonios a la que tuvieron que enfrentarse los bretonianos a las afueras de las murallas de Montfort.<\/li><li><a href=\"https:\/\/cargad.com\/index.php\/2022\/10\/26\/warhammer-el-escenario-de-la-semana-batalla-de-la-angustia-es-vs-rc\/\" target=\"_blank\" rel=\"noopener\">Batalla de la Angustia<\/a>. En esta enorme batalla, Morghur lidera una banda del Caos contra los Elfos Silvanos en el Llano del Roble Partido.<\/li><li><a href=\"https:\/\/cargad.com\/index.php\/2022\/11\/09\/warhammer-el-escenario-de-la-semana-batalla-de-la-isla-de-la-sangre-ae-vs-sk\/\" target=\"_blank\" rel=\"noopener\">Batalla de la Isla de la Sangre<\/a>. Una \u00e9pica batalla en la que los altos elfos defienden la Piedra F\u00e9nix de los atacantes skaven.<\/li><li><a href=\"https:\/\/cargad.com\/index.php\/2021\/09\/08\/warhammer-el-escenario-de-la-semana-batalla-de-la-llama-del-acero-im-vs-rf\/\">Batalla de la Llama del Acero<\/a>. En la Batalla de la Llama de Acero, un ej\u00e9rcito imperial intenta huir con tesoros mientras un ej\u00e9rcito de Reyes Funerarios intenta recuperarlos.<\/li><li><a href=\"https:\/\/cargad.com\/index.php\/2021\/07\/22\/warhammer-el-escenario-de-la-semana-batalla-de-la-llanura-de-finuval-ae-vs-eo\/\">Batalla de la Llanura de Finuval<\/a>. Se trata de una batalla \u00e9pica entre dos enormes ej\u00e9rcitos, un enfrentamiento cl\u00e1sico de Altos Elfos y Elfos Oscuros, que adem\u00e1s incorpora ciertos personajes famosos, motivo suficiente para rememorarla. Es una partida concreta con dos ej\u00e9rcitos concretos, pero aunque est\u00e9 pensada para ser jugada 1 contra 1, es perfectamente jugable 3 contra 3, cada uno encarg\u00e1ndose de su parte.<\/li><li><a href=\"https:\/\/cargad.com\/index.php\/2021\/07\/14\/warhammer-el-escenario-de-la-semana-batalla-de-la-plaga-me-vs-sk\/\">Batalla de la Plaga<\/a>. Esta batalla entre Mercenarios y Skaven se juega de una forma muy distinta; la espesa niebla hace que los jugadores no sepan exactamente qu\u00e9 hay hasta que no lo tienen delante\u2026<\/li><li><a href=\"https:\/\/cargad.com\/index.php\/2022\/06\/22\/warhammer-el-escenario-de-la-semana-batalla-de-las-cenizas-ec-vs-ro\/\" target=\"_blank\" rel=\"noreferrer noopener\">Batalla de las Cenizas<\/a>. En esta partida, una de las muchas que hubo durante las Batallas de las Cenizas, los Enanos del Caos intentar\u00e1n expulsar a los Ogros que se han aposentado.<\/li><li><a href=\"https:\/\/cargad.com\/index.php\/2022\/02\/02\/warhammer-el-escenario-de-la-semana-batalla-de-las-praderas-es-vs-im\/\">Batalla de las Praderas<\/a>. Los Elfos Silvanos emboscan un enorme ej\u00e9rcito imperial.<\/li><li><a href=\"https:\/\/cargad.com\/index.php\/2021\/08\/04\/warhammer-el-escenario-de-la-semana-batalla-de-los-cien-canones-en-vs-ro\/\">Batalla de los Cien Ca\u00f1ones<\/a>. La Batalla de los Cien Ca\u00f1ones se produjo en dos fases. En una primera fase se enfrentaron los Enanos a los Ogros, hasta que aparecieron los imperiales. La segunda fase fue precisamente la batalla de los Enanos y sus aliados imperiales. Este escenario representa la primera parte de la Batalla de los Cien Ca\u00f1ones, en la que los enanos se encuentran cara a cara ante los Ogros mientras esperan los refuerzos imperiales.<\/li><li><a href=\"https:\/\/cargad.com\/index.php\/2021\/10\/27\/warhammer-el-escenario-de-la-semana-la-batalla-de-los-dragones-de-plata-cv-nm-vs-sk\/\">Batalla de los Dragones de Plaga<\/a>. Los Skavens se enfrentan a los Condes Vampiro por el control de unos pozos de piedra de disformidad, mientras el Gran Nigromante Vanhal intenta invocar Dragones Zombi para causar el terror en las filas de los hombres rata. Este escenario est\u00e1 dise\u00f1ado para que haya cierto desequilibrio m\u00e1gico para favorecer al jugador Conde Vampiro, que tiene una lista m\u00e1s limitada. Este desequilibrio tiene su contrapartida en el hecho que el skaven tenga mayor movilidad, pueda superar en n\u00famero, y repita chequeos de psicolog\u00eda; Vanhal deber\u00e1 elegir, si invoca dragones o hace Danzas Macabras para avanzar.\u00a0El hecho que los turnos sean variables hace que ambos jugadores deban pensar no s\u00f3lo a largo plazo sino tambi\u00e9n a conseguir objetivos cuanto antes.<\/li><li><a href=\"https:\/\/cargad.com\/index.php\/2022\/09\/14\/warhammer-el-escenario-de-la-semana-batalla-de-osterwald-im-vs-og\/\" target=\"_blank\" rel=\"noopener\">Batalla de Osterwald<\/a>. En esta batalla, Azhag el Carnicero y su enorme \u00a1Whaaagh! se enfrentan a los imperiales en una \u00faltima defensa.<\/li><li><a href=\"https:\/\/cargad.com\/index.php\/2021\/08\/25\/warhammer-el-escenario-de-la-semana-batalla-del-eclipse-cv-vs-hl\/\">Batalla del Eclipse<\/a>. En la Batalla del Eclipse, una fuerza de Hombres Lagarto aparece para frenar al ej\u00e9rcito del vampiro pirata Luthor Harkon.<\/li><li><a href=\"https:\/\/cargad.com\/index.php\/2021\/09\/15\/warhammer-el-escenario-de-la-semana-batalla-en-el-bosque-de-las-sombras-es-vs-rcb\/\">Batalla en el Bosque de las Sombras.<\/a> En la Batalla en el Bosque de las Sombras, los Elfos Silvanos intentan aprisionar a Morghur mientras los Hombres Bestia intentan evitarlo.<\/li><li><a href=\"https:\/\/cargad.com\/index.php\/2022\/06\/29\/warhammer-el-escenario-de-la-semana-batalla-en-el-bosque-de-los-suspiros-es-vs-rcm\/\" target=\"_blank\" rel=\"noreferrer noopener\">Batalla en el Bosque de los Suspiros<\/a>. Un ej\u00e9rcito de Mortales se ve emboscado por un ej\u00e9rcito de Elfos Silvanos.<\/li><li><a href=\"https:\/\/cargad.com\/index.php\/2022\/11\/02\/warhammer-el-escenario-de-la-semana-batalla-en-el-valle-de-los-huesos-ro-vs-rf\/\" target=\"_blank\" rel=\"noopener\">Batalla en el Valle de los Huesos<\/a>. Los Ogros avanzan por el Valle de los Huesos, mientras las estatuas van cobrando vida.<\/li><li><a href=\"https:\/\/cargad.com\/index.php\/2021\/05\/11\/warhammer-el-escenario-de-la-semana-batalla-en-los-montes-apuccini-me-vs-og\/\">Batalla en los Montes Apuccini<\/a>. La batalla es la gran batalla de la expulsi\u00f3n de los orcos en los Montes Apuccini en la que un ej\u00e9rcito mercenario compuesto por tropas de toda Tilea intenta hacer huir a los Orcos y Goblins.<\/li><li><a href=\"https:\/\/cargad.com\/index.php\/2021\/11\/03\/warhammer-el-escenario-de-la-semana-cruzando-el-fuego-ec-vs-rcm\/\">Cruzando el Fuego<\/a>. Los ej\u00e9rcitos de Tamurkhan se enfrentan a los Enanos de Caos de la Legi\u00f3n de Azgorh; los segundos intentan bloquear el avance del ej\u00e9rcito del Caos a trav\u00e9s de sus tierras.<\/li><li><a href=\"https:\/\/cargad.com\/index.php\/2022\/02\/17\/warhammer-el-escenario-de-la-semana-el-despertar-del-bocaenllamas-og-vs-ro\/\">El Despertar del Bocaenllamas<\/a>. Un enorme ej\u00e9rcito de Ogros lucha contra una horda pielverde en el Bocaenllamas mientras \u00e9ste escupe bolas de fuego sin parar.<\/li><li><a href=\"https:\/\/cargad.com\/index.php\/2021\/05\/26\/warhammer-el-escenario-de-la-semana-emboscada-en-norderingen-im-vs-rcb\/\">Emboscada en Norderingen<\/a>. Boris Todbringer lidera un peque\u00f1o ej\u00e9rcito; ha enviado parte de sus tropas a explorar los alrededores, mientras \u00e9l hace guardia y supervisa el campamento que est\u00e1n montando. Khazrak el Tuerto y su manada de guerra aparece de noche, emboscando a los imperiales, con el objetivo de desafiar al Conde Elector\u2026<\/li><li><a href=\"https:\/\/cargad.com\/index.php\/2022\/05\/11\/warhammer-el-escenario-de-la-semana-expedicion-a-huatl-br-vs-hl\/\" target=\"_blank\" rel=\"noreferrer noopener\">Expedici\u00f3n a Huatl<\/a>. Una partida bretoniana intentar\u00e1 robar artefactos de varios templos milenarios, mientras los Hombres Lagarto intentar\u00e1n evitar el expolio.<\/li><li><a href=\"https:\/\/cargad.com\/index.php\/2021\/10\/20\/warhammer-el-escenario-de-la-semana-incursion-en-pahuax-ae-vs-hl\/\">Incursi\u00f3n en Pahuax<\/a>. Lejos de ser una batalla mastod\u00f3ntica, en Pahuax el enfrentamiento fue entre dos peque\u00f1as fuerzas expedicionarias; unos, tristes y enfurecidos pens\u00e1ndose que alguien volv\u00eda a robar huevos de Eslizones Camale\u00f3n; otros, a la defensiva pero preparados para enfrentarse a aquellos animales. Este escenario es especialmente recomendable para ense\u00f1ar a jugar.<\/li><li><a href=\"https:\/\/cargad.com\/index.php\/2022\/02\/09\/warhammer-el-escenario-de-la-semana-kemmler-contra-tilea-cv-nm-vs-me\/\">Kemmler contra Tilea<\/a>. Este escenario permite recrear cualquiera de las batallas que realiz\u00f3 Heinrich Kemmler contra los defensores estalianos (o tileanos).<\/li><li><a href=\"https:\/\/cargad.com\/index.php\/2022\/01\/19\/warhammer-el-escenario-de-la-semana-el-lugar-de-la-sangre-rcb-vs-sk\/\">El Lugar de la Sangre<\/a>. En esta batalla los Hombres Bestia est\u00e1n descendiendo sobre una cueva infestada de skavens.<\/li><li><a href=\"https:\/\/cargad.com\/index.php\/2021\/11\/10\/warhammer-el-escenario-de-la-semana-el-martillo-de-algrim-en-vs-rf\/\">El Martillo de Algrim<\/a>. Los Enanos intentan recuperar un antiguo Martillo, pero los no muertos defensores de Mahrak no se lo pondr\u00e1n f\u00e1cil.<\/li><li><a href=\"https:\/\/cargad.com\/index.php\/2022\/03\/02\/warhammer-el-escenario-de-la-semana-los-monstruos-acechan-karaz-a-karak-en-vs-rcb\/\">Los monstruos acechan Karaz-a-Karak<\/a>. Los enanos de las afueras de Karaz-a-Karak intentan rechazar una enorme horda de trolls y ogros, esperando unos refuerzos que puedan acorralar al enemigo.<\/li><li><a href=\"https:\/\/cargad.com\/index.php\/2023\/01\/25\/warhammer-el-escenario-de-la-semana-ocupacion-de-quetza-hl-vs-sk\/\" target=\"_blank\" rel=\"noopener\">Ocupaci\u00f3n de Quetza<\/a>. Los Skavens intentan contaminar los pozos de desove de los Hombres Lagarto en la ciudad de Quetza.<\/li><li><a href=\"https:\/\/cargad.com\/index.php\/2021\/08\/18\/warhammer-el-escenario-de-la-semana-revuelta-de-esclavos-ec-vs-og\/\">Revuelta de Esclavos<\/a>. Esta batalla representa el punto final, en la que una tremenda horda pielverde intenta huir de Zharr-Naggrund, fortaleza de los Enanos del Caos.<\/li><li><a href=\"https:\/\/cargad.com\/index.php\/2021\/06\/17\/warhammer-el-escenario-de-la-semana-la-tumba-de-anurell-ae-vs-ec\/\">La Tumba de Anurell<\/a>. Eldril y los Altos Elfos que quedan deben defender la tumba mientras esperan los refuerzos, pero los Enanos del Caos no les dejar\u00e1n f\u00e1cilmente\u2026<\/li><li><a href=\"https:\/\/cargad.com\/index.php\/2021\/06\/02\/warhammer-el-escenario-de-la-semana-la-ultima-capilla-de-mousillon-br-vs-cv-strigoi\/\">La \u00faltima capilla de Mousillon<\/a>, Tres Doncellas bretonianas, junto al pu\u00f1ado de campesinos que hay ayud\u00e1ndolas, se enfrentan a una temible e interminable horda de necr\u00f3fagos, mientras rezan para que venga alg\u00fan tipo de ayuda.<\/li><li><a href=\"https:\/\/cargad.com\/index.php\/2021\/05\/19\/warhammer-el-escenario-de-la-semana-la-ultima-defensa-de-xahutec-hl-vs-rcd\/\">La \u00faltima defensa de Xahutec<\/a>. Esta batalla ocurre en la ciudad de Xahutec. Un ej\u00e9rcito de Hombres Lagarto se dirige a la ciudad perdida, liderado por varios Slann (alguno de ellos un valios\u00edsimo Slann de Primera Generaci\u00f3n) para intentar cerrar el portal de forma definitiva, pero una horda de demonios va a impedirlo. Esta batalla muestra los esfuerzos del Slann en lo alto de la pir\u00e1mide intentando cerrar el portal mientras una marea de demonios les asalta\u2026 \u00bfLograr\u00e1 cerrar el portal a tiempo?<\/li><li><a href=\"https:\/\/cargad.com\/index.php\/2022\/02\/23\/warhammer-el-escenario-de-la-semana-el-saqueo-de-zandri-eo-vs-rf\/\">El Saqueo de Zandri<\/a>. Los elfos oscuros saquean tumbas de Khemri mientras van despertando a sus habitantes.<\/li><li><a href=\"https:\/\/cargad.com\/index.php\/2021\/09\/29\/warhammer-el-escenario-de-la-semana-el-ziggurat-del-destino-en-vs-og\/\">El Zigurat del Destino<\/a>. Esta batalla representa la resistencia de unos enanos en un zigurat ante un ataque de goblins usando las miniaturas de Paso de la Calavera.<\/li><\/ul>\n\n\n\n<h2 class=\"wp-block-heading\">Escenarios 2 vs 1<\/h2>\n\n\n\n<ul class=\"wp-block-list\"><li><a href=\"https:\/\/cargad.com\/index.php\/2021\/11\/24\/warhammer-el-escenario-de-la-semana-el-asedio-de-hexoatl-hl-vs-eorcm\/\">El Asedio de Hexoatl<\/a>. Los Hombres Lagarto intentan aguantar un imparable ataque de los Elfos Oscuros aliados de unos seguidores del Caos.<\/li><li><a href=\"https:\/\/cargad.com\/index.php\/2021\/06\/09\/warhammer-el-escenario-de-la-semana-batalla-ante-la-piramide-negra-rfae-vs-rcd\/\">Batalla ante la Pir\u00e1mide Negra<\/a>. Esta es una batalla a tres ej\u00e9rcitos: un ej\u00e9rcito peque\u00f1o de Reyes Funerarios contra una horda inacabable de Demonios, m\u00e1s unos refuerzos asur que aparecen con la batalla avanzada.<\/li><li><a href=\"https:\/\/cargad.com\/index.php\/2021\/10\/13\/warhammer-el-escenario-de-la-semana-el-haikk-desierto-de-sangre-br-vs-mercd\/\">Batalla de El-Haikk, El Desierto de Sangre<\/a>. Esta batalla representa una dura lucha en el desierto de los Bretonianos contra una alianza de Arabia (Mercenarios) con los Demonios de Tzeentch. Es un buen escenario para dos jugadores expertos y uno que est\u00e9 aprendiendo.<\/li><li><a href=\"https:\/\/cargad.com\/index.php\/2021\/07\/28\/warhammer-el-escenario-de-la-semana-batalla-de-remarche-bres-vs-sk\/\">Batalla de Remarche<\/a>. Bretonia espera los refuerzos Elfos Silvanos mientras se defiende de los Skaven. Aunque sea una batalla a tres bandos, realmente es una batalla a dos, pero lo ideal es jugar entre tres personas.<\/li><li><a href=\"https:\/\/cargad.com\/index.php\/2022\/07\/20\/warhammer-el-escenario-de-la-semana-susurros-de-la-corona-ec-vs-cvrcdt\/\" target=\"_blank\" rel=\"noreferrer noopener\">Susurros de la Corona<\/a>. Un ej\u00e9rcito de Condes Vampiro con Demonios de Tzeentch se bate contra Enanos del Caos.<\/li><\/ul>\n\n\n\n<h2 class=\"wp-block-heading\">Escenarios a tres bandas<\/h2>\n\n\n\n<ul class=\"wp-block-list\"><li><a href=\"https:\/\/cargad.com\/index.php\/2022\/07\/06\/warhammer-el-escenario-de-la-semana-la-liberacion-de-skarbrand-es-vs-rcm\/\">La liberaci\u00f3n de Skarbrand<\/a>. En esta batalla a tres bandas, Thanquol lidera a los Skavens contra los Enanos, mientras los demonios de Khorne de Skarbrand s\u00f3lo se preocupan de recolectar cr\u00e1neos.<\/li><\/ul>\n\n\n\n<h2 class=\"wp-block-heading\">Escenarios 3 vs 1<\/h2>\n\n\n\n<ul class=\"wp-block-list\"><li><a href=\"https:\/\/cargad.com\/index.php\/2022\/03\/30\/warhammer-el-escenario-de-la-semana-la-batalla-de-hel-fenn-cv-vs-imaeen\/\">La Batalla de Hel Fenn<\/a>. En esta espectacular batalla de 12.000 puntos sobre la mesa, Mannfred von Carstein y sus interminables hordas de No Muertos se enfrentan en la hist\u00f3rica batalla de Hel Fenn al Conde Elector de Stirland, apoyado por una fuerza de Enanos y otra de Altos Elfos.<\/li><\/ul>\n","protected":false},"excerpt":{"rendered":"<p>En esta p\u00e1gina pod\u00e9is encontrar los escenarios que iremos publicando para Warhammer. Estos escenarios ser\u00e1n recopilados \u00aben bonito\u00bb mucho m\u00e1s adelante en un MdN:Escenarios. Aunque est\u00e1n dise\u00f1ados con Warhammer 6\u00aa Edici\u00f3n con Manuscritos de Nuth en mente, en la mayor\u00eda <a class=\"more-link\" href=\"https:\/\/cargad.com\/index.php\/escenarios-para-warhammer\/\">Seguir leyendo <span class=\"screen-reader-text\">  Escenarios para Warhammer<\/span><span class=\"meta-nav\">&rarr;<\/span><\/a><\/p>\n","protected":false},"author":3,"featured_media":0,"parent":0,"menu_order":0,"comment_status":"closed","ping_status":"closed","template":"","meta":{"om_disable_all_campaigns":false,"_monsterinsights_skip_tracking":false,"_monsterinsights_sitenote_active":false,"_monsterinsights_sitenote_note":"","_monsterinsights_sitenote_category":0,"footnotes":""},"class_list":["post-74004","page","type-page","status-publish","hentry"],"jetpack_sharing_enabled":true,"jetpack_likes_enabled":true,"_links":{"self":[{"href":"https:\/\/cargad.com\/index.php\/wp-json\/wp\/v2\/pages\/74004","targetHints":{"allow":["GET"]}}],"collection":[{"href":"https:\/\/cargad.com\/index.php\/wp-json\/wp\/v2\/pages"}],"about":[{"href":"https:\/\/cargad.com\/index.php\/wp-json\/wp\/v2\/types\/page"}],"author":[{"embeddable":true,"href":"https:\/\/cargad.com\/index.php\/wp-json\/wp\/v2\/users\/3"}],"replies":[{"embeddable":true,"href":"https:\/\/cargad.com\/index.php\/wp-json\/wp\/v2\/comments?post=74004"}],"version-history":[{"count":46,"href":"https:\/\/cargad.com\/index.php\/wp-json\/wp\/v2\/pages\/74004\/revisions"}],"predecessor-version":[{"id":86091,"href":"https:\/\/cargad.com\/index.php\/wp-json\/wp\/v2\/pages\/74004\/revisions\/86091"}],"wp:attachment":[{"href":"https:\/\/cargad.com\/index.php\/wp-json\/wp\/v2\/media?parent=74004"}],"curies":[{"name":"wp","href":"https:\/\/api.w.org\/{rel}","templated":true}]}}