{"id":9796,"date":"2012-12-10T10:02:11","date_gmt":"2012-12-10T09:02:11","guid":{"rendered":"http:\/\/cargad.com\/?page_id=9796"},"modified":"2013-05-16T11:45:41","modified_gmt":"2013-05-16T10:45:41","slug":"juegos","status":"publish","type":"page","link":"https:\/\/cargad.com\/index.php\/juegos\/","title":{"rendered":"Juegos"},"content":{"rendered":"<p>Aqu\u00ed iremos colgando Juegos y sus Suplementos.<\/p>\n<p>Pod\u00e9is acceder mediante el men\u00fa que se despliega al hacer clic en Juegos.<\/p>\n","protected":false},"excerpt":{"rendered":"<p>Aqu\u00ed iremos colgando Juegos y sus Suplementos. Pod\u00e9is acceder mediante el men\u00fa que se despliega al hacer clic en Juegos.<\/p>\n","protected":false},"author":3,"featured_media":0,"parent":0,"menu_order":0,"comment_status":"closed","ping_status":"closed","template":"","meta":{"om_disable_all_campaigns":false,"_monsterinsights_skip_tracking":false,"_monsterinsights_sitenote_active":false,"_monsterinsights_sitenote_note":"","_monsterinsights_sitenote_category":0,"footnotes":""},"class_list":["post-9796","page","type-page","status-publish","hentry"],"jetpack_sharing_enabled":true,"jetpack_likes_enabled":true,"_links":{"self":[{"href":"https:\/\/cargad.com\/index.php\/wp-json\/wp\/v2\/pages\/9796","targetHints":{"allow":["GET"]}}],"collection":[{"href":"https:\/\/cargad.com\/index.php\/wp-json\/wp\/v2\/pages"}],"about":[{"href":"https:\/\/cargad.com\/index.php\/wp-json\/wp\/v2\/types\/page"}],"author":[{"embeddable":true,"href":"https:\/\/cargad.com\/index.php\/wp-json\/wp\/v2\/users\/3"}],"replies":[{"embeddable":true,"href":"https:\/\/cargad.com\/index.php\/wp-json\/wp\/v2\/comments?post=9796"}],"version-history":[{"count":14,"href":"https:\/\/cargad.com\/index.php\/wp-json\/wp\/v2\/pages\/9796\/revisions"}],"predecessor-version":[{"id":9909,"href":"https:\/\/cargad.com\/index.php\/wp-json\/wp\/v2\/pages\/9796\/revisions\/9909"}],"wp:attachment":[{"href":"https:\/\/cargad.com\/index.php\/wp-json\/wp\/v2\/media?parent=9796"}],"curies":[{"name":"wp","href":"https:\/\/api.w.org\/{rel}","templated":true}]}}